{"id":3,"date":"2020-04-24T17:28:51","date_gmt":"2020-04-24T15:28:51","guid":{"rendered":"https:\/\/blocknitive.com\/?page_id=3"},"modified":"2023-04-01T11:42:40","modified_gmt":"2023-04-01T09:42:40","slug":"politica-de-privacidad","status":"publish","type":"page","link":"https:\/\/blocknitive.com\/en\/politica-de-privacidad\/","title":{"rendered":"Privacy Policy"},"content":{"rendered":"<div data-elementor-type=\"wp-page\" data-elementor-id=\"3\" class=\"elementor elementor-3\" data-elementor-post-type=\"page\">\n\t\t\t\t\t\t<section class=\"elementor-section elementor-top-section elementor-element elementor-element-86f867d elementor-section-boxed elementor-section-height-default elementor-section-height-default\" data-id=\"86f867d\" data-element_type=\"section\">\n\t\t\t\t\t\t<div class=\"elementor-container elementor-column-gap-default\">\n\t\t\t\t\t<div class=\"elementor-column elementor-col-100 elementor-top-column elementor-element elementor-element-ede81c9\" data-id=\"ede81c9\" data-element_type=\"column\">\n\t\t\t<div class=\"elementor-widget-wrap elementor-element-populated\">\n\t\t\t\t\t\t\t<\/div>\n\t\t<\/div>\n\t\t\t\t\t<\/div>\n\t\t<\/section>\n\t\t\t\t<section class=\"elementor-section elementor-top-section elementor-element elementor-element-2bfa8ed5 elementor-section-boxed elementor-section-height-default elementor-section-height-default\" data-id=\"2bfa8ed5\" data-element_type=\"section\">\n\t\t\t\t\t\t<div class=\"elementor-container elementor-column-gap-default\">\n\t\t\t\t\t<div class=\"elementor-column elementor-col-100 elementor-top-column elementor-element elementor-element-56da9aba\" data-id=\"56da9aba\" data-element_type=\"column\">\n\t\t\t<div class=\"elementor-widget-wrap elementor-element-populated\">\n\t\t\t\t\t\t<div class=\"elementor-element elementor-element-3aa47448 elementor-widget elementor-widget-text-editor\" data-id=\"3aa47448\" data-element_type=\"widget\" data-widget_type=\"text-editor.default\">\n\t\t\t\t<div class=\"elementor-widget-container\">\n\t\t\t\t\t\t\t<ul class=\"none-style\">\n<li>\n<h3>1. Responsible for the File and Treatment<\/h3>\n<p>Blocknitive S.L, hereinafter BLOCKNITIVE.COM, with contact address located at C\/ Pr\u00edncipe de Vergara n\u00ba 8, 2\u00ba IZQ, 28001, Madrid and email address informacion@blocknitive.com, is responsible for the files and processing in which the personal data collected and processed from this website will be included, as well as the rest of the processing indicated on this page.<\/p>\n<\/li>\n<li>\n<h3>2. Treatments<\/h3>\n<p>BLOCKNITIVE.COM only processes the personal data indicated below:<\/p>\n<ul class=\"none-style\">\n<li>\n<h4><u>A) Data Collected through the website<\/u><\/h4>\n<p><strong>Purpose:<\/strong>&nbsp;Respond to requests for information and contact sent through e-mails and contact forms on the website.<br><strong>Conservation:<\/strong>&nbsp;The personal data of the data subject will be kept until the deletion is requested by the data subject and in any case for a maximum period of three years.<br><strong>Legitimation:<\/strong>&nbsp;Stakeholder Consent<br><strong>Target audience:<\/strong>&nbsp;The communication of personal data is not foreseen except in the cases established by a legal obligation.<br><strong>Ways of Obtaining:<\/strong>&nbsp;The personal data we process have been obtained from the data subject.<br>The categories of data processed are as follows:<\/p>\n<ul>\n<li>Identification data<\/li>\n<li>Contact information<\/li>\n<\/ul>\n<p>No specially protected data are processed<\/p>\n<\/li>\n<li>\n<h4><u>B) Personnel Selection<\/u><\/h4>\n<p><strong>Purpose:<\/strong>&nbsp;Participate in our company's personnel selection processes.<br><strong>Conservation:<\/strong>&nbsp;The candidate's personal data will be kept until the deletion is requested by the interested party and in any case for a maximum period of three years.<br><strong>Legitimation:<\/strong>&nbsp;Consent of the person concerned<br><strong>Target audience:<\/strong>&nbsp;The communication of personal data is not foreseen except in those cases in which, with the prior consent of the candidate, his\/her data must be communicated to the companies in whose facilities the services are to be provided for the job vacancy for which he\/she is applying.<br><strong>Ways of Obtaining:<\/strong>&nbsp;The personal data that we process are obtained from the interested party through the curriculums, forms or selection interviews that he\/she carries out with us. Only in those cases in which the candidate authorizes it, we may obtain information about the candidate through the companies in which he\/she has worked previously.<br>The categories of data processed are as follows:<\/p>\n<ul>\n<li>Identification data<\/li>\n<li>Personal characteristics<\/li>\n<li>Academic data<\/li>\n<li>Employment history data<\/li>\n<\/ul>\n<p>No specially protected data are processed<\/p>\n<\/li>\n<li>&nbsp;<\/li>\n<li>\n<h4><u>C) Human Resources<\/u><\/h4>\n<p><strong>Purpose:<\/strong>&nbsp;Maintenance and fulfillment of the labor relationship, payroll, occupational risk prevention, employee training and performance evaluation.<br><strong>Conservation:<\/strong>&nbsp;Once your employment relationship with our company has ended, the data will be kept for 5 years (Art. 4 Royal Legislative Decree 5\/2000) unless such data are necessary to deal with a claim, disciplinary proceedings or exercise of rights in which case they will be kept until the end of the same.<br><strong>Legitimation:<\/strong>&nbsp;The legal basis for the processing of your data is the execution of the employment contract signed between the parties.<br><strong>Target audience:<\/strong>&nbsp;The communication of employees' personal data is foreseen in the following cases:<\/p>\n<ul>\n<li>To the client companies of our company in whose facilities or projects you perform your functions.<\/li>\n<li>To the competent employment, social security and tax authorities to whom we are obliged to provide information for the fulfillment of legal obligations.<\/li>\n<li>To the banks responsible for the payment of their salary payments<\/li>\n<li>To the occupational risk prevention services and companies, mutual insurance companies or entities responsible for health surveillance, in compliance with the legal obligations established in this area.<\/li>\n<li>To brokerage firms, agencies or insurance companies with which insurance policies are contracted for the insurance or coverage of risks related to the employee or his\/her work activity.<\/li>\n<li>In all other cases established by a legal obligation.<\/li>\n<\/ul>\n<p><strong>Ways of Obtaining:<\/strong>&nbsp;The personal data we process are obtained from the data subject.<\/p>\n<p>The categories of data processed are as follows:<\/p>\n<ul>\n<li>Identification and contact information<\/li>\n<li>Personal characteristics<\/li>\n<li>Academic and work history data<\/li>\n<li>Payroll data and employee benefits<\/li>\n<li>Bank details<\/li>\n<\/ul>\n<p>Special category data may be processed in connection with the fulfillment of legal obligations arising from the employment relationship (e.g., disability data, sick leave or incapacity .... Etc).<\/p>\n<\/li>\n<li>\n<h4><u>D) Customers<\/u><\/h4>\n<p><strong>Purpose:<\/strong>&nbsp;Provision of services to our customers<br><strong>Conservation:<\/strong>&nbsp;The data will be kept for 5 years (Art. 1964 of the Civil Code).<br><strong>Legitimation:<\/strong>&nbsp;Execution of the contract for the provision of the services requested by the interested party.<br><strong>Target audience:<\/strong>&nbsp;The communication of personal data is not foreseen except in the cases established by a legal obligation.<br><strong>Ways of Obtaining:<\/strong>&nbsp;The personal data we process have been obtained from the data subject.<br>The categories of data processed are as follows:<\/p>\n<ul>\n<li>Identification data<\/li>\n<li>Contact information<\/li>\n<\/ul>\n<p>No specially protected data are processed<\/p>\n<\/li>\n<li>\n<h4><u>E) Suppliers<\/u><\/h4>\n<p><strong>Purpose:<\/strong>&nbsp;Supplier management<br><strong>Conservation:<\/strong>&nbsp;The data will be kept for 5 years (Art. 1964 of the Civil Code).<br><strong>Legitimation:<\/strong>&nbsp;Execution of the contract signed with the supplier<br><strong>Target audience:<\/strong>&nbsp;The communication of personal data is not foreseen except in the cases established by a legal obligation.<br><strong>Ways of Obtaining:<\/strong>&nbsp;The personal data we process have been obtained from the data subject.<br>The categories of data processed are as follows:<\/p>\n<ul>\n<li>Identification data<\/li>\n<li>Contact information<\/li>\n<li>Goods and services supplied by the supplier<\/li>\n<\/ul>\n<p>No specially protected data are processed<\/p>\n<\/li>\n<\/ul>\n<h3>3. Stakeholder Rights<\/h3>\n<ul>\n<li>You have the right to obtain confirmation as to whether we are processing personal data concerning you.<\/li>\n<li>The persons concerned have the right to access their personal data, as well as to request the rectification of inaccurate data or, where appropriate, to request its deletion when, among other reasons, the data is no longer necessary for the purposes for which it was collected.<\/li>\n<li>In certain circumstances, the interested parties may request the limitation of the processing of their data, in which case we will only keep them for the exercise or defense of claims.<\/li>\n<li>In certain circumstances and for reasons related to their particular situation, data subjects may object to the processing of their data. In these cases, your data will not be processed except for legitimate reasons or for the exercise or defense of possible claims.<\/li>\n<li>In certain circumstances, you have the right to receive the personal data concerning you in a structured, commonly used, machine-readable format.<\/li>\n<\/ul>\n<p>You can exercise your rights through the means of contact indicated in this policy (email address or in person at our facilities), as well as obtain more information about your rights and access models for their exercise at the following address <a href=\"http:\/\/www.agpd.es\/portalwebAGPD\/CanalDelCiudadano\/derechos\/index-ides-idphp.php\" target=\"_blank\" rel=\"noopener\">web<\/a>.<\/p>\n<p>Likewise, we inform you of your right to file a complaint with the Spanish Data Protection Agency if the request to exercise any right has not been properly satisfied or if for any other reason you consider that your personal data is not being treated correctly. To do so, you may contact us at the following address <a href=\"https:\/\/sedeagpd.gob.es\/sede-electronica-web\/vistas\/formSpam\/\" target=\"_blank\">web<\/a>.<br><br><\/p>\n<\/li>\n<\/ul>\t\t\t\t\t\t<\/div>\n\t\t\t\t<\/div>\n\t\t\t\t\t<\/div>\n\t\t<\/div>\n\t\t\t\t\t<\/div>\n\t\t<\/section>\n\t\t\t\t<\/div>","protected":false},"excerpt":{"rendered":"<p>Responsible for the File and Treatment Blocknitive S.L, hereinafter BLOCKNITIVE.COM, with contact address located at C\/ Pr\u00edncipe de Vergara n\u00ba 8, 2\u00ba IZQ, 28001, Madrid and email address informacion@blocknitive.com, is responsible for the files and treatments in which the personal data collected and treated from this website will be included, as well as [...]<\/p>","protected":false},"author":1,"featured_media":0,"parent":0,"menu_order":0,"comment_status":"closed","ping_status":"closed","template":"","meta":{"footnotes":""},"class_list":["post-3","page","type-page","status-publish","hentry"],"yoast_head":"<!-- This site is optimized with the Yoast SEO plugin v23.9 - https:\/\/yoast.com\/wordpress\/plugins\/seo\/ -->\n<title>Pol\u00edtica de privacidad - Blocknitive<\/title>\n<meta name=\"robots\" content=\"noindex, follow\" \/>\n<meta property=\"og:locale\" content=\"en_US\" \/>\n<meta property=\"og:type\" content=\"article\" \/>\n<meta property=\"og:title\" content=\"Pol\u00edtica de privacidad - Blocknitive\" \/>\n<meta property=\"og:description\" content=\"1. Responsable del Fichero y Tratamiento Blocknitive S.L, en adelante BLOCKNITIVE.COM, con domicilio de contacto sito en C\/ Pr\u00edncipe de Vergara n\u00ba 8, 2\u00ba IZQ, 28001, Madrid y direcci\u00f3n de email&nbsp;informacion@blocknitive.com, es el responsable de los ficheros y tratamientos en los que se incluir\u00e1n los datos personales recogidos y tratados desde esta p\u00e1gina web, as\u00ed [&hellip;]\" \/>\n<meta property=\"og:url\" content=\"https:\/\/blocknitive.com\/en\/politica-de-privacidad\/\" \/>\n<meta property=\"og:site_name\" content=\"Blocknitive\" \/>\n<meta property=\"article:modified_time\" content=\"2023-04-01T09:42:40+00:00\" \/>\n<meta property=\"og:image\" content=\"https:\/\/blocknitive.com\/wp-content\/uploads\/2020\/05\/opengr.png\" \/>\n\t<meta property=\"og:image:width\" content=\"1200\" \/>\n\t<meta property=\"og:image:height\" content=\"630\" \/>\n\t<meta property=\"og:image:type\" content=\"image\/png\" \/>\n<meta name=\"twitter:card\" content=\"summary_large_image\" \/>\n<meta name=\"twitter:site\" content=\"@blocknitive\" \/>\n<meta name=\"twitter:label1\" content=\"Est. reading time\" \/>\n\t<meta name=\"twitter:data1\" content=\"6 minutes\" \/>\n<script type=\"application\/ld+json\" class=\"yoast-schema-graph\">{\"@context\":\"https:\/\/schema.org\",\"@graph\":[{\"@type\":\"WebPage\",\"@id\":\"https:\/\/blocknitive.com\/politica-de-privacidad\/\",\"url\":\"https:\/\/blocknitive.com\/politica-de-privacidad\/\",\"name\":\"Pol\u00edtica de privacidad - Blocknitive\",\"isPartOf\":{\"@id\":\"https:\/\/blocknitive.com\/#website\"},\"datePublished\":\"2020-04-24T15:28:51+00:00\",\"dateModified\":\"2023-04-01T09:42:40+00:00\",\"breadcrumb\":{\"@id\":\"https:\/\/blocknitive.com\/politica-de-privacidad\/#breadcrumb\"},\"inLanguage\":\"en-US\",\"potentialAction\":[{\"@type\":\"ReadAction\",\"target\":[\"https:\/\/blocknitive.com\/politica-de-privacidad\/\"]}]},{\"@type\":\"BreadcrumbList\",\"@id\":\"https:\/\/blocknitive.com\/politica-de-privacidad\/#breadcrumb\",\"itemListElement\":[{\"@type\":\"ListItem\",\"position\":1,\"name\":\"Portada\",\"item\":\"https:\/\/blocknitive.com\/\"},{\"@type\":\"ListItem\",\"position\":2,\"name\":\"Pol\u00edtica de privacidad\"}]},{\"@type\":\"WebSite\",\"@id\":\"https:\/\/blocknitive.com\/#website\",\"url\":\"https:\/\/blocknitive.com\/\",\"name\":\"Blocknitive\",\"description\":\"Soluciones blockchain que simplifican procesos complejos\",\"publisher\":{\"@id\":\"https:\/\/blocknitive.com\/#organization\"},\"potentialAction\":[{\"@type\":\"SearchAction\",\"target\":{\"@type\":\"EntryPoint\",\"urlTemplate\":\"https:\/\/blocknitive.com\/?s={search_term_string}\"},\"query-input\":{\"@type\":\"PropertyValueSpecification\",\"valueRequired\":true,\"valueName\":\"search_term_string\"}}],\"inLanguage\":\"en-US\"},{\"@type\":\"Organization\",\"@id\":\"https:\/\/blocknitive.com\/#organization\",\"name\":\"Blocknitive - Soluciones Blockchain que simplifican Procesos Complejos.\",\"url\":\"https:\/\/blocknitive.com\/\",\"logo\":{\"@type\":\"ImageObject\",\"inLanguage\":\"en-US\",\"@id\":\"https:\/\/blocknitive.com\/#\/schema\/logo\/image\/\",\"url\":\"https:\/\/blocknitive.com\/wp-content\/uploads\/2020\/05\/opengr.png\",\"contentUrl\":\"https:\/\/blocknitive.com\/wp-content\/uploads\/2020\/05\/opengr.png\",\"width\":1200,\"height\":630,\"caption\":\"Blocknitive - Soluciones Blockchain que simplifican Procesos Complejos.\"},\"image\":{\"@id\":\"https:\/\/blocknitive.com\/#\/schema\/logo\/image\/\"},\"sameAs\":[\"https:\/\/x.com\/blocknitive\",\"https:\/\/www.linkedin.com\/company\/blocknitive\/\",\"https:\/\/www.youtube.com\/channel\/UCQ-nb1ek-hLFNJ_N6Z6bRzg\"]}]}<\/script>\n<!-- \/ Yoast SEO plugin. -->","yoast_head_json":{"title":"Pol\u00edtica de privacidad - Blocknitive","robots":{"index":"noindex","follow":"follow"},"og_locale":"en_US","og_type":"article","og_title":"Pol\u00edtica de privacidad - Blocknitive","og_description":"1. Responsable del Fichero y Tratamiento Blocknitive S.L, en adelante BLOCKNITIVE.COM, con domicilio de contacto sito en C\/ Pr\u00edncipe de Vergara n\u00ba 8, 2\u00ba IZQ, 28001, Madrid y direcci\u00f3n de email&nbsp;informacion@blocknitive.com, es el responsable de los ficheros y tratamientos en los que se incluir\u00e1n los datos personales recogidos y tratados desde esta p\u00e1gina web, as\u00ed [&hellip;]","og_url":"https:\/\/blocknitive.com\/en\/politica-de-privacidad\/","og_site_name":"Blocknitive","article_modified_time":"2023-04-01T09:42:40+00:00","og_image":[{"width":1200,"height":630,"url":"https:\/\/blocknitive.com\/wp-content\/uploads\/2020\/05\/opengr.png","type":"image\/png"}],"twitter_card":"summary_large_image","twitter_site":"@blocknitive","twitter_misc":{"Est. reading time":"6 minutes"},"schema":{"@context":"https:\/\/schema.org","@graph":[{"@type":"WebPage","@id":"https:\/\/blocknitive.com\/politica-de-privacidad\/","url":"https:\/\/blocknitive.com\/politica-de-privacidad\/","name":"Pol\u00edtica de privacidad - Blocknitive","isPartOf":{"@id":"https:\/\/blocknitive.com\/#website"},"datePublished":"2020-04-24T15:28:51+00:00","dateModified":"2023-04-01T09:42:40+00:00","breadcrumb":{"@id":"https:\/\/blocknitive.com\/politica-de-privacidad\/#breadcrumb"},"inLanguage":"en-US","potentialAction":[{"@type":"ReadAction","target":["https:\/\/blocknitive.com\/politica-de-privacidad\/"]}]},{"@type":"BreadcrumbList","@id":"https:\/\/blocknitive.com\/politica-de-privacidad\/#breadcrumb","itemListElement":[{"@type":"ListItem","position":1,"name":"Portada","item":"https:\/\/blocknitive.com\/"},{"@type":"ListItem","position":2,"name":"Pol\u00edtica de privacidad"}]},{"@type":"WebSite","@id":"https:\/\/blocknitive.com\/#website","url":"https:\/\/blocknitive.com\/","name":"Blocknitive","description":"Soluciones blockchain que simplifican procesos complejos","publisher":{"@id":"https:\/\/blocknitive.com\/#organization"},"potentialAction":[{"@type":"SearchAction","target":{"@type":"EntryPoint","urlTemplate":"https:\/\/blocknitive.com\/?s={search_term_string}"},"query-input":{"@type":"PropertyValueSpecification","valueRequired":true,"valueName":"search_term_string"}}],"inLanguage":"en-US"},{"@type":"Organization","@id":"https:\/\/blocknitive.com\/#organization","name":"Blocknitive - Soluciones Blockchain que simplifican Procesos Complejos.","url":"https:\/\/blocknitive.com\/","logo":{"@type":"ImageObject","inLanguage":"en-US","@id":"https:\/\/blocknitive.com\/#\/schema\/logo\/image\/","url":"https:\/\/blocknitive.com\/wp-content\/uploads\/2020\/05\/opengr.png","contentUrl":"https:\/\/blocknitive.com\/wp-content\/uploads\/2020\/05\/opengr.png","width":1200,"height":630,"caption":"Blocknitive - Soluciones Blockchain que simplifican Procesos Complejos."},"image":{"@id":"https:\/\/blocknitive.com\/#\/schema\/logo\/image\/"},"sameAs":["https:\/\/x.com\/blocknitive","https:\/\/www.linkedin.com\/company\/blocknitive\/","https:\/\/www.youtube.com\/channel\/UCQ-nb1ek-hLFNJ_N6Z6bRzg"]}]}},"_links":{"self":[{"href":"https:\/\/blocknitive.com\/en\/wp-json\/wp\/v2\/pages\/3","targetHints":{"allow":["GET"]}}],"collection":[{"href":"https:\/\/blocknitive.com\/en\/wp-json\/wp\/v2\/pages"}],"about":[{"href":"https:\/\/blocknitive.com\/en\/wp-json\/wp\/v2\/types\/page"}],"author":[{"embeddable":true,"href":"https:\/\/blocknitive.com\/en\/wp-json\/wp\/v2\/users\/1"}],"replies":[{"embeddable":true,"href":"https:\/\/blocknitive.com\/en\/wp-json\/wp\/v2\/comments?post=3"}],"version-history":[{"count":15,"href":"https:\/\/blocknitive.com\/en\/wp-json\/wp\/v2\/pages\/3\/revisions"}],"predecessor-version":[{"id":3372,"href":"https:\/\/blocknitive.com\/en\/wp-json\/wp\/v2\/pages\/3\/revisions\/3372"}],"wp:attachment":[{"href":"https:\/\/blocknitive.com\/en\/wp-json\/wp\/v2\/media?parent=3"}],"curies":[{"name":"wp","href":"https:\/\/api.w.org\/{rel}","templated":true}]}}