{"id":3413,"date":"2023-04-17T11:39:33","date_gmt":"2023-04-17T09:39:33","guid":{"rendered":"https:\/\/blocknitive.com\/?page_id=3413"},"modified":"2023-04-17T11:42:19","modified_gmt":"2023-04-17T09:42:19","slug":"politica-de-gestion-de-la-seguridad","status":"publish","type":"page","link":"https:\/\/blocknitive.com\/en\/politica-de-gestion-de-la-seguridad\/","title":{"rendered":"Information Security Management Policy"},"content":{"rendered":"<div data-elementor-type=\"wp-page\" data-elementor-id=\"3413\" class=\"elementor elementor-3413\" data-elementor-post-type=\"page\">\n\t\t\t\t\t\t<section class=\"elementor-section elementor-top-section elementor-element elementor-element-c717511 elementor-section-boxed elementor-section-height-default elementor-section-height-default\" data-id=\"c717511\" data-element_type=\"section\">\n\t\t\t\t\t\t<div class=\"elementor-container elementor-column-gap-default\">\n\t\t\t\t\t<div class=\"elementor-column elementor-col-100 elementor-top-column elementor-element elementor-element-fff9de9\" data-id=\"fff9de9\" data-element_type=\"column\">\n\t\t\t<div class=\"elementor-widget-wrap elementor-element-populated\">\n\t\t\t\t\t\t\t<\/div>\n\t\t<\/div>\n\t\t\t\t\t<\/div>\n\t\t<\/section>\n\t\t\t\t<section class=\"elementor-section elementor-top-section elementor-element elementor-element-471a3d2b elementor-section-boxed elementor-section-height-default elementor-section-height-default\" data-id=\"471a3d2b\" data-element_type=\"section\">\n\t\t\t\t\t\t<div class=\"elementor-container elementor-column-gap-default\">\n\t\t\t\t\t<div class=\"elementor-column elementor-col-100 elementor-top-column elementor-element elementor-element-2d948272\" data-id=\"2d948272\" data-element_type=\"column\">\n\t\t\t<div class=\"elementor-widget-wrap elementor-element-populated\">\n\t\t\t\t\t\t<div class=\"elementor-element elementor-element-2e48b376 elementor-widget elementor-widget-text-editor\" data-id=\"2e48b376\" data-element_type=\"widget\" data-widget_type=\"text-editor.default\">\n\t\t\t\t<div class=\"elementor-widget-container\">\n\t\t\t\t\t\t\t<p>BLOCKNITIVE is a Spanish company expert in information technologies, dedicated to the \"Information and Communication Technologies\".<strong>design and development of computer applications for third parties<\/strong>\"We offer creative solutions to business problems and expertise to help clients keep up to date with the latest innovations in information and communications technology, as well as apply these technologies for the benefit of their business. The company carries out tailor-made projects for each client, developing and integrating them into each client's Management System. It assumes partial or total responsibility for evolving or managing Information Systems and provides access to professionals with varying degrees of specialization and experience, capable of creating new IT solutions, as well as supporting management, operational continuity and technological evolution of new or existing platforms. It is a team with extensive experience in its area, with projects carried out in companies of the most varied sectors, sizes and complexities.<\/p><p>BLOCKNITIVE, aware that the security of information relating to our customers is a valuable resource, has established an Information Security Management System in accordance with the requirements of ISO\/IEC 27001 to guarantee the continuity of information systems, minimize the risk of damage and ensure compliance with the objectives set.<\/p><p>The objective of the Security Policy is to establish the necessary framework for action to protect information resources against threats, whether internal or external, deliberate or accidental, in order to ensure compliance with the confidentiality, integrity and availability of information.<\/p><p>The effectiveness and application of the Information Security Management System is the direct responsibility of the Information Security Committee, which is responsible for the approval, dissemination and compliance with this Security Policy. In its name and on its behalf, an Information Security Management System Manager has been appointed, who has sufficient authority to play an active role in the Information Security Management System, supervising its implementation, development and maintenance.<\/p><p>The Information Security Committee shall develop and approve the risk analysis methodology used in the Information Security Management System.<\/p><p>Any person whose activity may, directly or indirectly, be affected by the requirements of the Information Security Management System is obliged to strictly comply with the Security Policy.<\/p><p>BLOCKNITIVE will implement all necessary measures to comply with applicable regulations on security in general and computer security, relating to IT policy, security of buildings and facilities and the behavior of employees and third parties associated with BLOCKNITIVE in the use of computer systems. The measures necessary to ensure the security of information through the implementation of rules, procedures and controls must ensure the confidentiality, integrity and availability of information, essential for:<\/p>\n<p><\/p>\n<ul>\n<li>Comply with current legislation on information systems.<\/li>\n<li>To ensure the confidentiality of the data managed by BLOCKNITIVE.<\/li>\n<li>Ensure the availability of information systems, both in the services offered to customers and in internal management.<\/li>\n<li>Ensure the capacity to respond to emergency situations, restoring the operation of critical services in the shortest possible time.<\/li>\n<li>Avoid undue alterations in the information.<\/li>\n<li>Promote information security awareness and training.<\/li>\n<\/ul>\t\t\t\t\t\t<\/div>\n\t\t\t\t<\/div>\n\t\t\t\t\t<\/div>\n\t\t<\/div>\n\t\t\t\t\t<\/div>\n\t\t<\/section>\n\t\t\t\t<\/div>","protected":false},"excerpt":{"rendered":"<p>BLOCKNITIVE is a Spanish IT expert company, dedicated to the \"design and development of third party software applications\", offering creative solutions to business problems and expertise to help clients keep up to date with the latest innovations in information and communications technology, as well as apply these technologies to their business [...]<\/p>","protected":false},"author":5,"featured_media":0,"parent":0,"menu_order":0,"comment_status":"closed","ping_status":"closed","template":"","meta":{"footnotes":""},"class_list":["post-3413","page","type-page","status-publish","hentry"],"yoast_head":"<!-- This site is optimized with the Yoast SEO plugin v23.9 - https:\/\/yoast.com\/wordpress\/plugins\/seo\/ -->\n<title>Pol\u00edtica de Gesti\u00f3n de la Seguridad de la Informaci\u00f3n - Blocknitive<\/title>\n<meta name=\"robots\" content=\"index, follow, max-snippet:-1, max-image-preview:large, max-video-preview:-1\" \/>\n<link rel=\"canonical\" href=\"https:\/\/blocknitive.com\/en\/politica-de-gestion-de-la-seguridad\/\" \/>\n<meta property=\"og:locale\" content=\"en_US\" \/>\n<meta property=\"og:type\" content=\"article\" \/>\n<meta property=\"og:title\" content=\"Pol\u00edtica de Gesti\u00f3n de la Seguridad de la Informaci\u00f3n - Blocknitive\" \/>\n<meta property=\"og:description\" content=\"BLOCKNITIVE es una compa\u00f1\u00eda espa\u00f1ola experta en tecnolog\u00edas de la informaci\u00f3n, dedicada al \u201cdise\u00f1o y &nbsp;desarrollo de aplicaciones inform\u00e1ticas a terceros\u201d, ofreciendo soluciones creativas para problemas de negocio y conocimientos para ayudar a los clientes a mantenerse actualizadas con las \u00faltimas innovaciones en tecnolog\u00eda de la informaci\u00f3n y de comunicaciones, as\u00ed como aplicar estas tecnolog\u00edas [&hellip;]\" \/>\n<meta property=\"og:url\" content=\"https:\/\/blocknitive.com\/en\/politica-de-gestion-de-la-seguridad\/\" \/>\n<meta property=\"og:site_name\" content=\"Blocknitive\" \/>\n<meta property=\"article:modified_time\" content=\"2023-04-17T09:42:19+00:00\" \/>\n<meta property=\"og:image\" content=\"https:\/\/blocknitive.com\/wp-content\/uploads\/2020\/05\/opengr.png\" \/>\n\t<meta property=\"og:image:width\" content=\"1200\" \/>\n\t<meta property=\"og:image:height\" content=\"630\" \/>\n\t<meta property=\"og:image:type\" content=\"image\/png\" \/>\n<meta name=\"twitter:card\" content=\"summary_large_image\" \/>\n<meta name=\"twitter:site\" content=\"@blocknitive\" \/>\n<meta name=\"twitter:label1\" content=\"Est. reading time\" \/>\n\t<meta name=\"twitter:data1\" content=\"3 minutes\" \/>\n<script type=\"application\/ld+json\" class=\"yoast-schema-graph\">{\"@context\":\"https:\/\/schema.org\",\"@graph\":[{\"@type\":\"WebPage\",\"@id\":\"https:\/\/blocknitive.com\/politica-de-gestion-de-la-seguridad\/\",\"url\":\"https:\/\/blocknitive.com\/politica-de-gestion-de-la-seguridad\/\",\"name\":\"Pol\u00edtica de Gesti\u00f3n de la Seguridad de la Informaci\u00f3n - Blocknitive\",\"isPartOf\":{\"@id\":\"https:\/\/blocknitive.com\/#website\"},\"datePublished\":\"2023-04-17T09:39:33+00:00\",\"dateModified\":\"2023-04-17T09:42:19+00:00\",\"breadcrumb\":{\"@id\":\"https:\/\/blocknitive.com\/politica-de-gestion-de-la-seguridad\/#breadcrumb\"},\"inLanguage\":\"en-US\",\"potentialAction\":[{\"@type\":\"ReadAction\",\"target\":[\"https:\/\/blocknitive.com\/politica-de-gestion-de-la-seguridad\/\"]}]},{\"@type\":\"BreadcrumbList\",\"@id\":\"https:\/\/blocknitive.com\/politica-de-gestion-de-la-seguridad\/#breadcrumb\",\"itemListElement\":[{\"@type\":\"ListItem\",\"position\":1,\"name\":\"Portada\",\"item\":\"https:\/\/blocknitive.com\/\"},{\"@type\":\"ListItem\",\"position\":2,\"name\":\"Pol\u00edtica de Gesti\u00f3n de la Seguridad de la Informaci\u00f3n\"}]},{\"@type\":\"WebSite\",\"@id\":\"https:\/\/blocknitive.com\/#website\",\"url\":\"https:\/\/blocknitive.com\/\",\"name\":\"Blocknitive\",\"description\":\"Soluciones blockchain que simplifican procesos complejos\",\"publisher\":{\"@id\":\"https:\/\/blocknitive.com\/#organization\"},\"potentialAction\":[{\"@type\":\"SearchAction\",\"target\":{\"@type\":\"EntryPoint\",\"urlTemplate\":\"https:\/\/blocknitive.com\/?s={search_term_string}\"},\"query-input\":{\"@type\":\"PropertyValueSpecification\",\"valueRequired\":true,\"valueName\":\"search_term_string\"}}],\"inLanguage\":\"en-US\"},{\"@type\":\"Organization\",\"@id\":\"https:\/\/blocknitive.com\/#organization\",\"name\":\"Blocknitive - Soluciones Blockchain que simplifican Procesos Complejos.\",\"url\":\"https:\/\/blocknitive.com\/\",\"logo\":{\"@type\":\"ImageObject\",\"inLanguage\":\"en-US\",\"@id\":\"https:\/\/blocknitive.com\/#\/schema\/logo\/image\/\",\"url\":\"https:\/\/blocknitive.com\/wp-content\/uploads\/2020\/05\/opengr.png\",\"contentUrl\":\"https:\/\/blocknitive.com\/wp-content\/uploads\/2020\/05\/opengr.png\",\"width\":1200,\"height\":630,\"caption\":\"Blocknitive - Soluciones Blockchain que simplifican Procesos Complejos.\"},\"image\":{\"@id\":\"https:\/\/blocknitive.com\/#\/schema\/logo\/image\/\"},\"sameAs\":[\"https:\/\/x.com\/blocknitive\",\"https:\/\/www.linkedin.com\/company\/blocknitive\/\",\"https:\/\/www.youtube.com\/channel\/UCQ-nb1ek-hLFNJ_N6Z6bRzg\"]}]}<\/script>\n<!-- \/ Yoast SEO plugin. -->","yoast_head_json":{"title":"Pol\u00edtica de Gesti\u00f3n de la Seguridad de la Informaci\u00f3n - Blocknitive","robots":{"index":"index","follow":"follow","max-snippet":"max-snippet:-1","max-image-preview":"max-image-preview:large","max-video-preview":"max-video-preview:-1"},"canonical":"https:\/\/blocknitive.com\/en\/politica-de-gestion-de-la-seguridad\/","og_locale":"en_US","og_type":"article","og_title":"Pol\u00edtica de Gesti\u00f3n de la Seguridad de la Informaci\u00f3n - Blocknitive","og_description":"BLOCKNITIVE es una compa\u00f1\u00eda espa\u00f1ola experta en tecnolog\u00edas de la informaci\u00f3n, dedicada al \u201cdise\u00f1o y &nbsp;desarrollo de aplicaciones inform\u00e1ticas a terceros\u201d, ofreciendo soluciones creativas para problemas de negocio y conocimientos para ayudar a los clientes a mantenerse actualizadas con las \u00faltimas innovaciones en tecnolog\u00eda de la informaci\u00f3n y de comunicaciones, as\u00ed como aplicar estas tecnolog\u00edas [&hellip;]","og_url":"https:\/\/blocknitive.com\/en\/politica-de-gestion-de-la-seguridad\/","og_site_name":"Blocknitive","article_modified_time":"2023-04-17T09:42:19+00:00","og_image":[{"width":1200,"height":630,"url":"https:\/\/blocknitive.com\/wp-content\/uploads\/2020\/05\/opengr.png","type":"image\/png"}],"twitter_card":"summary_large_image","twitter_site":"@blocknitive","twitter_misc":{"Est. reading time":"3 minutes"},"schema":{"@context":"https:\/\/schema.org","@graph":[{"@type":"WebPage","@id":"https:\/\/blocknitive.com\/politica-de-gestion-de-la-seguridad\/","url":"https:\/\/blocknitive.com\/politica-de-gestion-de-la-seguridad\/","name":"Pol\u00edtica de Gesti\u00f3n de la Seguridad de la Informaci\u00f3n - Blocknitive","isPartOf":{"@id":"https:\/\/blocknitive.com\/#website"},"datePublished":"2023-04-17T09:39:33+00:00","dateModified":"2023-04-17T09:42:19+00:00","breadcrumb":{"@id":"https:\/\/blocknitive.com\/politica-de-gestion-de-la-seguridad\/#breadcrumb"},"inLanguage":"en-US","potentialAction":[{"@type":"ReadAction","target":["https:\/\/blocknitive.com\/politica-de-gestion-de-la-seguridad\/"]}]},{"@type":"BreadcrumbList","@id":"https:\/\/blocknitive.com\/politica-de-gestion-de-la-seguridad\/#breadcrumb","itemListElement":[{"@type":"ListItem","position":1,"name":"Portada","item":"https:\/\/blocknitive.com\/"},{"@type":"ListItem","position":2,"name":"Pol\u00edtica de Gesti\u00f3n de la Seguridad de la Informaci\u00f3n"}]},{"@type":"WebSite","@id":"https:\/\/blocknitive.com\/#website","url":"https:\/\/blocknitive.com\/","name":"Blocknitive","description":"Soluciones blockchain que simplifican procesos complejos","publisher":{"@id":"https:\/\/blocknitive.com\/#organization"},"potentialAction":[{"@type":"SearchAction","target":{"@type":"EntryPoint","urlTemplate":"https:\/\/blocknitive.com\/?s={search_term_string}"},"query-input":{"@type":"PropertyValueSpecification","valueRequired":true,"valueName":"search_term_string"}}],"inLanguage":"en-US"},{"@type":"Organization","@id":"https:\/\/blocknitive.com\/#organization","name":"Blocknitive - Soluciones Blockchain que simplifican Procesos Complejos.","url":"https:\/\/blocknitive.com\/","logo":{"@type":"ImageObject","inLanguage":"en-US","@id":"https:\/\/blocknitive.com\/#\/schema\/logo\/image\/","url":"https:\/\/blocknitive.com\/wp-content\/uploads\/2020\/05\/opengr.png","contentUrl":"https:\/\/blocknitive.com\/wp-content\/uploads\/2020\/05\/opengr.png","width":1200,"height":630,"caption":"Blocknitive - Soluciones Blockchain que simplifican Procesos Complejos."},"image":{"@id":"https:\/\/blocknitive.com\/#\/schema\/logo\/image\/"},"sameAs":["https:\/\/x.com\/blocknitive","https:\/\/www.linkedin.com\/company\/blocknitive\/","https:\/\/www.youtube.com\/channel\/UCQ-nb1ek-hLFNJ_N6Z6bRzg"]}]}},"_links":{"self":[{"href":"https:\/\/blocknitive.com\/en\/wp-json\/wp\/v2\/pages\/3413","targetHints":{"allow":["GET"]}}],"collection":[{"href":"https:\/\/blocknitive.com\/en\/wp-json\/wp\/v2\/pages"}],"about":[{"href":"https:\/\/blocknitive.com\/en\/wp-json\/wp\/v2\/types\/page"}],"author":[{"embeddable":true,"href":"https:\/\/blocknitive.com\/en\/wp-json\/wp\/v2\/users\/5"}],"replies":[{"embeddable":true,"href":"https:\/\/blocknitive.com\/en\/wp-json\/wp\/v2\/comments?post=3413"}],"version-history":[{"count":13,"href":"https:\/\/blocknitive.com\/en\/wp-json\/wp\/v2\/pages\/3413\/revisions"}],"predecessor-version":[{"id":3427,"href":"https:\/\/blocknitive.com\/en\/wp-json\/wp\/v2\/pages\/3413\/revisions\/3427"}],"wp:attachment":[{"href":"https:\/\/blocknitive.com\/en\/wp-json\/wp\/v2\/media?parent=3413"}],"curies":[{"name":"wp","href":"https:\/\/api.w.org\/{rel}","templated":true}]}}