{"id":2419,"date":"2021-06-03T15:08:47","date_gmt":"2021-06-03T13:08:47","guid":{"rendered":"https:\/\/blocknitive.com\/?page_id=2419"},"modified":"2023-03-10T11:52:20","modified_gmt":"2023-03-10T10:52:20","slug":"aviso-legal","status":"publish","type":"page","link":"https:\/\/blocknitive.com\/fr\/aviso-legal\/","title":{"rendered":"Avis juridique"},"content":{"rendered":"<div data-elementor-type=\"wp-page\" data-elementor-id=\"2419\" class=\"elementor elementor-2419\" data-elementor-post-type=\"page\">\n\t\t\t\t\t\t<section class=\"elementor-section elementor-top-section elementor-element elementor-element-c717511 elementor-section-boxed elementor-section-height-default elementor-section-height-default\" data-id=\"c717511\" data-element_type=\"section\">\n\t\t\t\t\t\t<div class=\"elementor-container elementor-column-gap-default\">\n\t\t\t\t\t<div class=\"elementor-column elementor-col-100 elementor-top-column elementor-element elementor-element-fff9de9\" data-id=\"fff9de9\" data-element_type=\"column\">\n\t\t\t<div class=\"elementor-widget-wrap elementor-element-populated\">\n\t\t\t\t\t\t\t<\/div>\n\t\t<\/div>\n\t\t\t\t\t<\/div>\n\t\t<\/section>\n\t\t\t\t<section class=\"elementor-section elementor-top-section elementor-element elementor-element-471a3d2b elementor-section-boxed elementor-section-height-default elementor-section-height-default\" data-id=\"471a3d2b\" data-element_type=\"section\">\n\t\t\t\t\t\t<div class=\"elementor-container elementor-column-gap-default\">\n\t\t\t\t\t<div class=\"elementor-column elementor-col-100 elementor-top-column elementor-element elementor-element-2d948272\" data-id=\"2d948272\" data-element_type=\"column\">\n\t\t\t<div class=\"elementor-widget-wrap elementor-element-populated\">\n\t\t\t\t\t\t<div class=\"elementor-element elementor-element-2e48b376 elementor-widget elementor-widget-text-editor\" data-id=\"2e48b376\" data-element_type=\"widget\" data-widget_type=\"text-editor.default\">\n\t\t\t\t<div class=\"elementor-widget-container\">\n\t\t\t\t\t\t\t<p>CONDITIONS G\u00c9N\u00c9RALES D'UTILISATION DU SITE WEB<\/p><p>Responsable l\u00e9gal du site : Blocknitive SL<br \/>CIF : B-87862819<br \/>Tlf. : 917817530<br \/>Courriel : informacion@blocknitive.com<br \/>Adresse : C\/ Pr\u00edncipe de Vergara n\u00ba 8, 2\u00ba IZQ, 28001, Madrid<br \/>Donn\u00e9es du registre mercantile : inscrit au registre mercantile de Madrid, volume 20969, folio 58, section 8\u00aa, page M-371827 , Insc. 1<\/p><p>1.- Consid\u00e9rations pr\u00e9liminaires<br \/>Ces conditions l\u00e9gales r\u00e9gissent l'utilisation l\u00e9gale autoris\u00e9e de ce site web, dont BLOCKNITIVE SL est l\u00e9galement responsable. Ces conditions g\u00e9n\u00e9rales r\u00e9gissent l'acc\u00e8s et l'utilisation que le propri\u00e9taire du site web met gratuitement \u00e0 la disposition des utilisateurs de ce site web.<br \/>Internet. L'acc\u00e8s et\/ou l'utilisation du site web implique l'acceptation sans r\u00e9serve des conditions g\u00e9n\u00e9rales d'utilisation et\/ou de contractualisation du site web.<\/p><p>2.- Utilisation du site web<br \/>L'utilisateur s'engage \u00e0 utiliser le site web, les services et les contenus de mani\u00e8re diligente, correcte et licite et, en particulier, \u00e0 s'abstenir de : supprimer, \u00e9luder ou manipuler les droits d'auteur et autres donn\u00e9es identifiant les droits des propri\u00e9taires incorpor\u00e9s dans les contenus, ainsi que les dispositifs techniques de protection, ou tout m\u00e9canisme d'information que les contenus peuvent contenir.<\/p><p>3.- Propri\u00e9t\u00e9 intellectuelle et industrielle<br \/>Les textes, images, logos, signes distinctifs, sons, animations, vid\u00e9os, code source et autres contenus inclus dans ce site web sont la propri\u00e9t\u00e9 de BLOCKNITIVE SL, ou elle a, le cas \u00e9ch\u00e9ant, le droit de les utiliser et de les exploiter, et en ce sens, ils sont prot\u00e9g\u00e9s par la l\u00e9gislation en vigueur en mati\u00e8re de propri\u00e9t\u00e9 intellectuelle et industrielle.<br \/>Toute transmission, distribution, reproduction ou stockage, en tout ou en partie, des contenus stock\u00e9s sur ce site web est express\u00e9ment interdite, sauf accord pr\u00e9alable et expr\u00e8s du propri\u00e9taire. N\u00e9anmoins, les utilisateurs peuvent effectuer les op\u00e9rations suivantes<br \/>la reproduction ou le stockage du contenu du site web pour votre usage personnel exclusif, \u00e9tant express\u00e9ment et strictement interdite la reproduction d'\u00e9l\u00e9ments ou de contenus de ce site web, \u00e0 des fins lucratives ou commerciales.<\/p><p>4.- Conditions d'acc\u00e8s<br \/>BLOCKNITIVE SL se r\u00e9serve le droit d'effectuer, \u00e0 tout moment et sans pr\u00e9avis, des modifications et des mises \u00e0 jour de l'information contenue sur le Web, de la configuration et de la pr\u00e9sentation de celle-ci, des conditions d'acc\u00e8s, des conditions d'engagement, etc. Par cons\u00e9quent, l'UTILISATEUR doit acc\u00e9der aux versions actualis\u00e9es de la page.<br \/>L'entreprise responsable du site ne garantit pas l'absence d'interruptions ou d'erreurs dans l'acc\u00e8s \u00e0 la page ou \u00e0 son contenu, ni qu'elle est mise \u00e0 jour ou exempte de virus, ou de tout autre \u00e9l\u00e9ment susceptible de provoquer des alt\u00e9rations de votre syst\u00e8me.<br \/>ordinateur. BLOCKNITIVE SL. d\u00e9cline toute responsabilit\u00e9 contractuelle ou extracontractuelle avec la personne ou l'entreprise qui l'utilise et a des dommages de toute nature caus\u00e9s par des virus informatiques ou des \u00e9l\u00e9ments informatiques de toute sorte.<br \/>Le propri\u00e9taire du site n'est pas responsable des cons\u00e9quences, dommages ou pr\u00e9judices pouvant d\u00e9couler de l'utilisation non consensuelle des informations qu'il contient, ni de ceux d\u00e9coulant des services, opinions et conseils inclus dans notre site.<\/p>\t\t\t\t\t\t<\/div>\n\t\t\t\t<\/div>\n\t\t\t\t\t<\/div>\n\t\t<\/div>\n\t\t\t\t\t<\/div>\n\t\t<\/section>\n\t\t\t\t<\/div>","protected":false},"excerpt":{"rendered":"<p>CONDITIONS G\u00c9N\u00c9RALES D'UTILISATION DU SITE WEB Responsable l\u00e9gal du site web : Blocknitive SLCIF : B-87862819Tlf. : 917817530Email : informacion@blocknitive.comDirecci\u00f3n : C\/ Pr\u00edncipe de Vergara n\u00ba 8, 2\u00ba IZQ, 28001, MadridDonn\u00e9es d'inscription au Registre du Commerce : Inscrit au Registre du Commerce de Madrid, Tome 20969, Folio 58, Section 8\u00aa, Page M-371827 , Insc. 1 1.- Consid\u00e9rations pr\u00e9alablesLes pr\u00e9sentes conditions l\u00e9gales r\u00e9gissent l'utilisation [...]<\/p>","protected":false},"author":1,"featured_media":0,"parent":0,"menu_order":0,"comment_status":"closed","ping_status":"closed","template":"","meta":{"footnotes":""},"class_list":["post-2419","page","type-page","status-publish","hentry"],"yoast_head":"<!-- This site is optimized with the Yoast SEO plugin v23.9 - https:\/\/yoast.com\/wordpress\/plugins\/seo\/ -->\n<title>Aviso legal - Blocknitive<\/title>\n<meta name=\"robots\" content=\"noindex, follow\" \/>\n<meta property=\"og:locale\" content=\"fr_FR\" \/>\n<meta property=\"og:type\" content=\"article\" \/>\n<meta property=\"og:title\" content=\"Aviso legal - Blocknitive\" \/>\n<meta property=\"og:description\" content=\"CONDICIONES GENERALES DE USO DE LA P\u00c1GINA WEB Responsable legal de la web: Blocknitive SLCIF:\u00a0B-87862819Tlf.:\u00a0917817530Email:\u00a0informacion@blocknitive.comDirecci\u00f3n:\u00a0C\/ Pr\u00edncipe de Vergara n\u00ba 8, 2\u00ba IZQ, 28001, MadridDatos de Inscripci\u00f3n en el Registro Mercantil:\u00a0Inscrita en el Registro Mercantil de Madrid, Tomo 20969, Folio 58,\u00a0Secci\u00f3n 8\u00aa, Hoja M-371827 , Insc. 1 1.- Consideraciones PreviasLas presentes condiciones legales regulan el uso [&hellip;]\" \/>\n<meta property=\"og:url\" content=\"https:\/\/blocknitive.com\/fr\/aviso-legal\/\" \/>\n<meta property=\"og:site_name\" content=\"Blocknitive\" \/>\n<meta property=\"article:modified_time\" content=\"2023-03-10T10:52:20+00:00\" \/>\n<meta property=\"og:image\" content=\"https:\/\/blocknitive.com\/wp-content\/uploads\/2020\/05\/opengr.png\" \/>\n\t<meta property=\"og:image:width\" content=\"1200\" \/>\n\t<meta property=\"og:image:height\" content=\"630\" \/>\n\t<meta property=\"og:image:type\" content=\"image\/png\" \/>\n<meta name=\"twitter:card\" content=\"summary_large_image\" \/>\n<meta name=\"twitter:site\" content=\"@blocknitive\" \/>\n<meta name=\"twitter:label1\" content=\"Dur\u00e9e de lecture estim\u00e9e\" \/>\n\t<meta name=\"twitter:data1\" content=\"3 minutes\" \/>\n<script type=\"application\/ld+json\" class=\"yoast-schema-graph\">{\"@context\":\"https:\/\/schema.org\",\"@graph\":[{\"@type\":\"WebPage\",\"@id\":\"https:\/\/blocknitive.com\/aviso-legal\/\",\"url\":\"https:\/\/blocknitive.com\/aviso-legal\/\",\"name\":\"Aviso legal - Blocknitive\",\"isPartOf\":{\"@id\":\"https:\/\/blocknitive.com\/#website\"},\"datePublished\":\"2021-06-03T13:08:47+00:00\",\"dateModified\":\"2023-03-10T10:52:20+00:00\",\"breadcrumb\":{\"@id\":\"https:\/\/blocknitive.com\/aviso-legal\/#breadcrumb\"},\"inLanguage\":\"fr-FR\",\"potentialAction\":[{\"@type\":\"ReadAction\",\"target\":[\"https:\/\/blocknitive.com\/aviso-legal\/\"]}]},{\"@type\":\"BreadcrumbList\",\"@id\":\"https:\/\/blocknitive.com\/aviso-legal\/#breadcrumb\",\"itemListElement\":[{\"@type\":\"ListItem\",\"position\":1,\"name\":\"Portada\",\"item\":\"https:\/\/blocknitive.com\/\"},{\"@type\":\"ListItem\",\"position\":2,\"name\":\"Aviso legal\"}]},{\"@type\":\"WebSite\",\"@id\":\"https:\/\/blocknitive.com\/#website\",\"url\":\"https:\/\/blocknitive.com\/\",\"name\":\"Blocknitive\",\"description\":\"Soluciones blockchain que simplifican procesos complejos\",\"publisher\":{\"@id\":\"https:\/\/blocknitive.com\/#organization\"},\"potentialAction\":[{\"@type\":\"SearchAction\",\"target\":{\"@type\":\"EntryPoint\",\"urlTemplate\":\"https:\/\/blocknitive.com\/?s={search_term_string}\"},\"query-input\":{\"@type\":\"PropertyValueSpecification\",\"valueRequired\":true,\"valueName\":\"search_term_string\"}}],\"inLanguage\":\"fr-FR\"},{\"@type\":\"Organization\",\"@id\":\"https:\/\/blocknitive.com\/#organization\",\"name\":\"Blocknitive - Soluciones Blockchain que simplifican Procesos Complejos.\",\"url\":\"https:\/\/blocknitive.com\/\",\"logo\":{\"@type\":\"ImageObject\",\"inLanguage\":\"fr-FR\",\"@id\":\"https:\/\/blocknitive.com\/#\/schema\/logo\/image\/\",\"url\":\"https:\/\/blocknitive.com\/wp-content\/uploads\/2020\/05\/opengr.png\",\"contentUrl\":\"https:\/\/blocknitive.com\/wp-content\/uploads\/2020\/05\/opengr.png\",\"width\":1200,\"height\":630,\"caption\":\"Blocknitive - Soluciones Blockchain que simplifican Procesos Complejos.\"},\"image\":{\"@id\":\"https:\/\/blocknitive.com\/#\/schema\/logo\/image\/\"},\"sameAs\":[\"https:\/\/x.com\/blocknitive\",\"https:\/\/www.linkedin.com\/company\/blocknitive\/\",\"https:\/\/www.youtube.com\/channel\/UCQ-nb1ek-hLFNJ_N6Z6bRzg\"]}]}<\/script>\n<!-- \/ Yoast SEO plugin. -->","yoast_head_json":{"title":"Aviso legal - Blocknitive","robots":{"index":"noindex","follow":"follow"},"og_locale":"fr_FR","og_type":"article","og_title":"Aviso legal - Blocknitive","og_description":"CONDICIONES GENERALES DE USO DE LA P\u00c1GINA WEB Responsable legal de la web: Blocknitive SLCIF:\u00a0B-87862819Tlf.:\u00a0917817530Email:\u00a0informacion@blocknitive.comDirecci\u00f3n:\u00a0C\/ Pr\u00edncipe de Vergara n\u00ba 8, 2\u00ba IZQ, 28001, MadridDatos de Inscripci\u00f3n en el Registro Mercantil:\u00a0Inscrita en el Registro Mercantil de Madrid, Tomo 20969, Folio 58,\u00a0Secci\u00f3n 8\u00aa, Hoja M-371827 , Insc. 1 1.- Consideraciones PreviasLas presentes condiciones legales regulan el uso [&hellip;]","og_url":"https:\/\/blocknitive.com\/fr\/aviso-legal\/","og_site_name":"Blocknitive","article_modified_time":"2023-03-10T10:52:20+00:00","og_image":[{"width":1200,"height":630,"url":"https:\/\/blocknitive.com\/wp-content\/uploads\/2020\/05\/opengr.png","type":"image\/png"}],"twitter_card":"summary_large_image","twitter_site":"@blocknitive","twitter_misc":{"Dur\u00e9e de lecture estim\u00e9e":"3 minutes"},"schema":{"@context":"https:\/\/schema.org","@graph":[{"@type":"WebPage","@id":"https:\/\/blocknitive.com\/aviso-legal\/","url":"https:\/\/blocknitive.com\/aviso-legal\/","name":"Aviso legal - Blocknitive","isPartOf":{"@id":"https:\/\/blocknitive.com\/#website"},"datePublished":"2021-06-03T13:08:47+00:00","dateModified":"2023-03-10T10:52:20+00:00","breadcrumb":{"@id":"https:\/\/blocknitive.com\/aviso-legal\/#breadcrumb"},"inLanguage":"fr-FR","potentialAction":[{"@type":"ReadAction","target":["https:\/\/blocknitive.com\/aviso-legal\/"]}]},{"@type":"BreadcrumbList","@id":"https:\/\/blocknitive.com\/aviso-legal\/#breadcrumb","itemListElement":[{"@type":"ListItem","position":1,"name":"Portada","item":"https:\/\/blocknitive.com\/"},{"@type":"ListItem","position":2,"name":"Aviso legal"}]},{"@type":"WebSite","@id":"https:\/\/blocknitive.com\/#website","url":"https:\/\/blocknitive.com\/","name":"Blocknitive","description":"Soluciones blockchain que simplifican procesos complejos","publisher":{"@id":"https:\/\/blocknitive.com\/#organization"},"potentialAction":[{"@type":"SearchAction","target":{"@type":"EntryPoint","urlTemplate":"https:\/\/blocknitive.com\/?s={search_term_string}"},"query-input":{"@type":"PropertyValueSpecification","valueRequired":true,"valueName":"search_term_string"}}],"inLanguage":"fr-FR"},{"@type":"Organization","@id":"https:\/\/blocknitive.com\/#organization","name":"Blocknitive - Soluciones Blockchain que simplifican Procesos Complejos.","url":"https:\/\/blocknitive.com\/","logo":{"@type":"ImageObject","inLanguage":"fr-FR","@id":"https:\/\/blocknitive.com\/#\/schema\/logo\/image\/","url":"https:\/\/blocknitive.com\/wp-content\/uploads\/2020\/05\/opengr.png","contentUrl":"https:\/\/blocknitive.com\/wp-content\/uploads\/2020\/05\/opengr.png","width":1200,"height":630,"caption":"Blocknitive - Soluciones Blockchain que simplifican Procesos Complejos."},"image":{"@id":"https:\/\/blocknitive.com\/#\/schema\/logo\/image\/"},"sameAs":["https:\/\/x.com\/blocknitive","https:\/\/www.linkedin.com\/company\/blocknitive\/","https:\/\/www.youtube.com\/channel\/UCQ-nb1ek-hLFNJ_N6Z6bRzg"]}]}},"_links":{"self":[{"href":"https:\/\/blocknitive.com\/fr\/wp-json\/wp\/v2\/pages\/2419","targetHints":{"allow":["GET"]}}],"collection":[{"href":"https:\/\/blocknitive.com\/fr\/wp-json\/wp\/v2\/pages"}],"about":[{"href":"https:\/\/blocknitive.com\/fr\/wp-json\/wp\/v2\/types\/page"}],"author":[{"embeddable":true,"href":"https:\/\/blocknitive.com\/fr\/wp-json\/wp\/v2\/users\/1"}],"replies":[{"embeddable":true,"href":"https:\/\/blocknitive.com\/fr\/wp-json\/wp\/v2\/comments?post=2419"}],"version-history":[{"count":7,"href":"https:\/\/blocknitive.com\/fr\/wp-json\/wp\/v2\/pages\/2419\/revisions"}],"predecessor-version":[{"id":2826,"href":"https:\/\/blocknitive.com\/fr\/wp-json\/wp\/v2\/pages\/2419\/revisions\/2826"}],"wp:attachment":[{"href":"https:\/\/blocknitive.com\/fr\/wp-json\/wp\/v2\/media?parent=2419"}],"curies":[{"name":"wp","href":"https:\/\/api.w.org\/{rel}","templated":true}]}}