{"id":2428,"date":"2021-06-03T15:15:11","date_gmt":"2021-06-03T13:15:11","guid":{"rendered":"https:\/\/blocknitive.com\/?page_id=2428"},"modified":"2024-05-20T19:00:22","modified_gmt":"2024-05-20T17:00:22","slug":"politica-de-cookies","status":"publish","type":"page","link":"https:\/\/blocknitive.com\/fr\/politica-de-cookies\/","title":{"rendered":"Politique en mati\u00e8re de cookies"},"content":{"rendered":"<div data-elementor-type=\"wp-page\" data-elementor-id=\"2428\" class=\"elementor elementor-2428\" data-elementor-post-type=\"page\">\n\t\t\t\t\t\t<section class=\"elementor-section elementor-top-section elementor-element elementor-element-743d195 elementor-section-boxed elementor-section-height-default elementor-section-height-default\" data-id=\"743d195\" data-element_type=\"section\">\n\t\t\t\t\t\t<div class=\"elementor-container elementor-column-gap-default\">\n\t\t\t\t\t<div class=\"elementor-column elementor-col-100 elementor-top-column elementor-element elementor-element-eee314e\" data-id=\"eee314e\" data-element_type=\"column\">\n\t\t\t<div class=\"elementor-widget-wrap elementor-element-populated\">\n\t\t\t\t\t\t\t<\/div>\n\t\t<\/div>\n\t\t\t\t\t<\/div>\n\t\t<\/section>\n\t\t\t\t<section class=\"elementor-section elementor-top-section elementor-element elementor-element-7f935773 elementor-section-boxed elementor-section-height-default elementor-section-height-default\" data-id=\"7f935773\" data-element_type=\"section\">\n\t\t\t\t\t\t<div class=\"elementor-container elementor-column-gap-default\">\n\t\t\t\t\t<div class=\"elementor-column elementor-col-100 elementor-top-column elementor-element elementor-element-66f8e837\" data-id=\"66f8e837\" data-element_type=\"column\">\n\t\t\t<div class=\"elementor-widget-wrap elementor-element-populated\">\n\t\t\t\t\t\t<div class=\"elementor-element elementor-element-5aa68178 elementor-widget elementor-widget-text-editor\" data-id=\"5aa68178\" data-element_type=\"widget\" data-widget_type=\"text-editor.default\">\n\t\t\t\t<div class=\"elementor-widget-container\">\n\t\t\t\t\t\t\t<ol><li><h3>Cookies<\/h3><\/li><\/ol><h5>Qu'est-ce qu'un cookie ?<\/h5><p>Ce site web utilise des cookies et\/ou des technologies similaires qui stockent et r\u00e9cup\u00e8rent des informations lorsque vous naviguez. En g\u00e9n\u00e9ral, ces technologies peuvent \u00eatre utilis\u00e9es \u00e0 diverses fins, par exemple pour vous reconna\u00eetre en tant qu'utilisateur, obtenir des informations sur vos habitudes de navigation ou personnaliser l'affichage du contenu. Les utilisations sp\u00e9cifiques que nous faisons de ces technologies sont d\u00e9crites ci-dessous.<\/p><h5>Quels types de cookies ce site Web utilise-t-il ?<\/h5><p>- Cookies d'analyse : ce sont ceux qui, trait\u00e9s par nous ou par des tiers, nous permettent de quantifier le nombre d'utilisateurs et de r\u00e9aliser ainsi la mesure et l'analyse statistique de l'utilisation faite par les utilisateurs du service offert. Pour ce faire, votre navigation sur notre site web est analys\u00e9e afin d'am\u00e9liorer la gamme de produits ou de services que nous proposons.<\/p><p>- Cookies de personnalisation : il s'agit de cookies qui permettent de m\u00e9moriser des informations afin que l'utilisateur puisse acc\u00e9der au service avec certaines caract\u00e9ristiques qui peuvent diff\u00e9rencier son exp\u00e9rience de celle d'autres utilisateurs, comme, par exemple, la langue, le nombre de r\u00e9sultats \u00e0 afficher lorsque l'utilisateur effectue une recherche, l'apparence ou le contenu du service en fonction du type de navigateur par lequel l'utilisateur acc\u00e8de au service ou de la r\u00e9gion \u00e0 partir de laquelle il acc\u00e8de au service, etc.<\/p><p>- Cookies techniques : Ce type de cookies permet \u00e0 l'utilisateur de naviguer sur un site web, une plateforme ou une application et d'utiliser les diff\u00e9rentes options ou services qui y existent comme, par exemple, le contr\u00f4le du trafic et de la communication des donn\u00e9es, l'identification de la session, l'acc\u00e8s \u00e0 des parties \u00e0 acc\u00e8s restreint, la m\u00e9morisation des \u00e9l\u00e9ments qui composent une commande, la r\u00e9alisation du processus d'achat d'une commande, la r\u00e9alisation de la demande d'inscription ou de participation \u00e0 un \u00e9v\u00e9nement, l'utilisation d'\u00e9l\u00e9ments de s\u00e9curit\u00e9 pendant la navigation, le stockage de contenus pour la diffusion de vid\u00e9os ou de sons ou le partage de contenus par le biais des r\u00e9seaux sociaux.<\/p><p>- Les propres cookies : ce sont ceux que nous envoyons \u00e0 votre ordinateur ou \u00e0 votre terminal \u00e0 partir de notre site web.<\/p><p>- Cookies de tiers : ce sont ceux qui sont envoy\u00e9s \u00e0 votre ordinateur ou terminal \u00e0 partir d'un domaine ou d'une page web qui n'est pas g\u00e9r\u00e9 par nous, mais par une autre entit\u00e9 qui traite les donn\u00e9es obtenues par le biais des cookies.<\/p><p>- Cookies de session : il s'agit d'un type de cookie con\u00e7u pour collecter et stocker des donn\u00e9es pendant que vous acc\u00e9dez \u00e0 notre site web.<\/p><p>- Cookies persistants : Il s'agit d'un type de cookie dans lequel les donn\u00e9es restent stock\u00e9es dans le terminal et peuvent \u00eatre consult\u00e9es et trait\u00e9es pendant une certaine p\u00e9riode, qui peut aller de quelques minutes \u00e0 plusieurs ann\u00e9es.<\/p><h5>Qui utilise les cookies ?<\/h5><p>Les cookies utilis\u00e9s sur ce site sont utilis\u00e9s par le responsable l\u00e9gal de ce site.<\/p><p>Comment puis-je accepter, refuser ou supprimer les cookies ?<\/p><p>Vous pouvez autoriser ou refuser les cookies au d\u00e9but de votre navigation sur notre site web en cliquant sur les boutons correspondants d'acceptation ou de refus des cookies. Si vous souhaitez r\u00e9voquer ou modifier votre consentement, vous pouvez le faire \u00e0 partir du panneau de configuration des cookies de ce site web.<\/p><p>De m\u00eame, vous pouvez autoriser, bloquer ou supprimer les cookies install\u00e9s sur votre ordinateur en configurant les options du navigateur install\u00e9 sur votre ordinateur. Vous trouverez dans les liens suivants des informations compl\u00e9mentaires sur les possibilit\u00e9s de configuration des cookies dans les diff\u00e9rents navigateurs.<\/p><p>- Google Chrome : http:\/\/support.google.com\/chrome\/bin\/answer.py?hl=es&amp;answer=95647<\/p><p>- Firefox : http:\/\/support.mozilla.org\/es\/kb\/habilitar-y-deshabilitar-cookies-que-los-sitios-we<\/p><p>- Safari : http:\/\/support.apple.com\/kb\/ph5042<\/p><p>Vous pouvez \u00e9galement modifier votre consentement dans le panneau des pr\u00e9f\u00e9rences ou des param\u00e8tres des cookies de ce site web.<\/p><ol start=\"2\"><li><h3>Transferts vers des pays tiers<\/h3><\/li><\/ol><p>Vous pouvez prendre connaissance des transferts vers des pays tiers qui, le cas \u00e9ch\u00e9ant, sont effectu\u00e9s par les tiers identifi\u00e9s dans la pr\u00e9sente politique en mati\u00e8re de cookies dans leurs politiques de confidentialit\u00e9 correspondantes par le biais des liens fournis dans la liste des cookies utilis\u00e9s par ce site web.<\/p><ol start=\"3\"><li><h3>Droits et informations compl\u00e9mentaires<\/h3><\/li><\/ol><p>Pour savoir comment exercer vos droits concernant le traitement de vos donn\u00e9es personnelles r\u00e9sultant de l'utilisation de cookies et obtenir des informations compl\u00e8tes sur le traitement de vos donn\u00e9es, consultez la politique de confidentialit\u00e9 sur notre site web.<\/p><ol start=\"4\"><li><h3>Version<\/h3><\/li><\/ol><p>Cette politique de confidentialit\u00e9 est dat\u00e9e du 19\/02\/2024, et toute modification de ses termes sera publi\u00e9e sur ce site web.<\/p>\t\t\t\t\t\t<\/div>\n\t\t\t\t<\/div>\n\t\t\t\t\t<\/div>\n\t\t<\/div>\n\t\t\t\t\t<\/div>\n\t\t<\/section>\n\t\t\t\t<\/div>","protected":false},"excerpt":{"rendered":"<p>Cookies Qu'est-ce que les cookies ? Ce site web utilise des cookies et\/ou des technologies similaires qui stockent et r\u00e9cup\u00e8rent des informations lorsque vous naviguez. En g\u00e9n\u00e9ral, ces technologies peuvent \u00eatre utilis\u00e9es \u00e0 diverses fins, par exemple pour vous reconna\u00eetre en tant qu'utilisateur, obtenir des informations sur vos habitudes de navigation ou personnaliser l'affichage du contenu. Les utilisations [...]<\/p>","protected":false},"author":1,"featured_media":0,"parent":0,"menu_order":0,"comment_status":"closed","ping_status":"closed","template":"","meta":{"footnotes":""},"class_list":["post-2428","page","type-page","status-publish","hentry"],"yoast_head":"<!-- This site is optimized with the Yoast SEO plugin v23.9 - https:\/\/yoast.com\/wordpress\/plugins\/seo\/ -->\n<title>Pol\u00edtica de Cookies - Blocknitive<\/title>\n<meta name=\"robots\" content=\"noindex, follow\" \/>\n<meta property=\"og:locale\" content=\"fr_FR\" \/>\n<meta property=\"og:type\" content=\"article\" \/>\n<meta property=\"og:title\" content=\"Pol\u00edtica de Cookies - Blocknitive\" \/>\n<meta property=\"og:description\" content=\"Cookies \u00bfQu\u00e9 son las Cookies? Este sitio web utiliza cookies y\/o tecnolog\u00edas similares que almacenan y recuperan informaci\u00f3n cuando navegas. En general, estas tecnolog\u00edas pueden servir para finalidades muy diversas, como, por ejemplo, reconocerte como usuario, obtener informaci\u00f3n sobre tus h\u00e1bitos de navegaci\u00f3n, o personalizar la forma en que se muestra el contenido. Los usos [&hellip;]\" \/>\n<meta property=\"og:url\" content=\"https:\/\/blocknitive.com\/fr\/politica-de-cookies\/\" \/>\n<meta property=\"og:site_name\" content=\"Blocknitive\" \/>\n<meta property=\"article:modified_time\" content=\"2024-05-20T17:00:22+00:00\" \/>\n<meta property=\"og:image\" content=\"https:\/\/blocknitive.com\/wp-content\/uploads\/2020\/05\/opengr.png\" \/>\n\t<meta property=\"og:image:width\" content=\"1200\" \/>\n\t<meta property=\"og:image:height\" content=\"630\" \/>\n\t<meta property=\"og:image:type\" content=\"image\/png\" \/>\n<meta name=\"twitter:card\" content=\"summary_large_image\" \/>\n<meta name=\"twitter:site\" content=\"@blocknitive\" \/>\n<meta name=\"twitter:label1\" content=\"Dur\u00e9e de lecture estim\u00e9e\" \/>\n\t<meta name=\"twitter:data1\" content=\"4 minutes\" \/>\n<script type=\"application\/ld+json\" class=\"yoast-schema-graph\">{\"@context\":\"https:\/\/schema.org\",\"@graph\":[{\"@type\":\"WebPage\",\"@id\":\"https:\/\/blocknitive.com\/politica-de-cookies\/\",\"url\":\"https:\/\/blocknitive.com\/politica-de-cookies\/\",\"name\":\"Pol\u00edtica de Cookies - Blocknitive\",\"isPartOf\":{\"@id\":\"https:\/\/blocknitive.com\/#website\"},\"datePublished\":\"2021-06-03T13:15:11+00:00\",\"dateModified\":\"2024-05-20T17:00:22+00:00\",\"breadcrumb\":{\"@id\":\"https:\/\/blocknitive.com\/politica-de-cookies\/#breadcrumb\"},\"inLanguage\":\"fr-FR\",\"potentialAction\":[{\"@type\":\"ReadAction\",\"target\":[\"https:\/\/blocknitive.com\/politica-de-cookies\/\"]}]},{\"@type\":\"BreadcrumbList\",\"@id\":\"https:\/\/blocknitive.com\/politica-de-cookies\/#breadcrumb\",\"itemListElement\":[{\"@type\":\"ListItem\",\"position\":1,\"name\":\"Portada\",\"item\":\"https:\/\/blocknitive.com\/\"},{\"@type\":\"ListItem\",\"position\":2,\"name\":\"Pol\u00edtica de Cookies\"}]},{\"@type\":\"WebSite\",\"@id\":\"https:\/\/blocknitive.com\/#website\",\"url\":\"https:\/\/blocknitive.com\/\",\"name\":\"Blocknitive\",\"description\":\"Soluciones blockchain que simplifican procesos complejos\",\"publisher\":{\"@id\":\"https:\/\/blocknitive.com\/#organization\"},\"potentialAction\":[{\"@type\":\"SearchAction\",\"target\":{\"@type\":\"EntryPoint\",\"urlTemplate\":\"https:\/\/blocknitive.com\/?s={search_term_string}\"},\"query-input\":{\"@type\":\"PropertyValueSpecification\",\"valueRequired\":true,\"valueName\":\"search_term_string\"}}],\"inLanguage\":\"fr-FR\"},{\"@type\":\"Organization\",\"@id\":\"https:\/\/blocknitive.com\/#organization\",\"name\":\"Blocknitive - Soluciones Blockchain que simplifican Procesos Complejos.\",\"url\":\"https:\/\/blocknitive.com\/\",\"logo\":{\"@type\":\"ImageObject\",\"inLanguage\":\"fr-FR\",\"@id\":\"https:\/\/blocknitive.com\/#\/schema\/logo\/image\/\",\"url\":\"https:\/\/blocknitive.com\/wp-content\/uploads\/2020\/05\/opengr.png\",\"contentUrl\":\"https:\/\/blocknitive.com\/wp-content\/uploads\/2020\/05\/opengr.png\",\"width\":1200,\"height\":630,\"caption\":\"Blocknitive - Soluciones Blockchain que simplifican Procesos Complejos.\"},\"image\":{\"@id\":\"https:\/\/blocknitive.com\/#\/schema\/logo\/image\/\"},\"sameAs\":[\"https:\/\/x.com\/blocknitive\",\"https:\/\/www.linkedin.com\/company\/blocknitive\/\",\"https:\/\/www.youtube.com\/channel\/UCQ-nb1ek-hLFNJ_N6Z6bRzg\"]}]}<\/script>\n<!-- \/ Yoast SEO plugin. -->","yoast_head_json":{"title":"Pol\u00edtica de Cookies - Blocknitive","robots":{"index":"noindex","follow":"follow"},"og_locale":"fr_FR","og_type":"article","og_title":"Pol\u00edtica de Cookies - Blocknitive","og_description":"Cookies \u00bfQu\u00e9 son las Cookies? Este sitio web utiliza cookies y\/o tecnolog\u00edas similares que almacenan y recuperan informaci\u00f3n cuando navegas. En general, estas tecnolog\u00edas pueden servir para finalidades muy diversas, como, por ejemplo, reconocerte como usuario, obtener informaci\u00f3n sobre tus h\u00e1bitos de navegaci\u00f3n, o personalizar la forma en que se muestra el contenido. Los usos [&hellip;]","og_url":"https:\/\/blocknitive.com\/fr\/politica-de-cookies\/","og_site_name":"Blocknitive","article_modified_time":"2024-05-20T17:00:22+00:00","og_image":[{"width":1200,"height":630,"url":"https:\/\/blocknitive.com\/wp-content\/uploads\/2020\/05\/opengr.png","type":"image\/png"}],"twitter_card":"summary_large_image","twitter_site":"@blocknitive","twitter_misc":{"Dur\u00e9e de lecture estim\u00e9e":"4 minutes"},"schema":{"@context":"https:\/\/schema.org","@graph":[{"@type":"WebPage","@id":"https:\/\/blocknitive.com\/politica-de-cookies\/","url":"https:\/\/blocknitive.com\/politica-de-cookies\/","name":"Pol\u00edtica de Cookies - Blocknitive","isPartOf":{"@id":"https:\/\/blocknitive.com\/#website"},"datePublished":"2021-06-03T13:15:11+00:00","dateModified":"2024-05-20T17:00:22+00:00","breadcrumb":{"@id":"https:\/\/blocknitive.com\/politica-de-cookies\/#breadcrumb"},"inLanguage":"fr-FR","potentialAction":[{"@type":"ReadAction","target":["https:\/\/blocknitive.com\/politica-de-cookies\/"]}]},{"@type":"BreadcrumbList","@id":"https:\/\/blocknitive.com\/politica-de-cookies\/#breadcrumb","itemListElement":[{"@type":"ListItem","position":1,"name":"Portada","item":"https:\/\/blocknitive.com\/"},{"@type":"ListItem","position":2,"name":"Pol\u00edtica de Cookies"}]},{"@type":"WebSite","@id":"https:\/\/blocknitive.com\/#website","url":"https:\/\/blocknitive.com\/","name":"Blocknitive","description":"Soluciones blockchain que simplifican procesos complejos","publisher":{"@id":"https:\/\/blocknitive.com\/#organization"},"potentialAction":[{"@type":"SearchAction","target":{"@type":"EntryPoint","urlTemplate":"https:\/\/blocknitive.com\/?s={search_term_string}"},"query-input":{"@type":"PropertyValueSpecification","valueRequired":true,"valueName":"search_term_string"}}],"inLanguage":"fr-FR"},{"@type":"Organization","@id":"https:\/\/blocknitive.com\/#organization","name":"Blocknitive - Soluciones Blockchain que simplifican Procesos Complejos.","url":"https:\/\/blocknitive.com\/","logo":{"@type":"ImageObject","inLanguage":"fr-FR","@id":"https:\/\/blocknitive.com\/#\/schema\/logo\/image\/","url":"https:\/\/blocknitive.com\/wp-content\/uploads\/2020\/05\/opengr.png","contentUrl":"https:\/\/blocknitive.com\/wp-content\/uploads\/2020\/05\/opengr.png","width":1200,"height":630,"caption":"Blocknitive - Soluciones Blockchain que simplifican Procesos Complejos."},"image":{"@id":"https:\/\/blocknitive.com\/#\/schema\/logo\/image\/"},"sameAs":["https:\/\/x.com\/blocknitive","https:\/\/www.linkedin.com\/company\/blocknitive\/","https:\/\/www.youtube.com\/channel\/UCQ-nb1ek-hLFNJ_N6Z6bRzg"]}]}},"_links":{"self":[{"href":"https:\/\/blocknitive.com\/fr\/wp-json\/wp\/v2\/pages\/2428","targetHints":{"allow":["GET"]}}],"collection":[{"href":"https:\/\/blocknitive.com\/fr\/wp-json\/wp\/v2\/pages"}],"about":[{"href":"https:\/\/blocknitive.com\/fr\/wp-json\/wp\/v2\/types\/page"}],"author":[{"embeddable":true,"href":"https:\/\/blocknitive.com\/fr\/wp-json\/wp\/v2\/users\/1"}],"replies":[{"embeddable":true,"href":"https:\/\/blocknitive.com\/fr\/wp-json\/wp\/v2\/comments?post=2428"}],"version-history":[{"count":17,"href":"https:\/\/blocknitive.com\/fr\/wp-json\/wp\/v2\/pages\/2428\/revisions"}],"predecessor-version":[{"id":3501,"href":"https:\/\/blocknitive.com\/fr\/wp-json\/wp\/v2\/pages\/2428\/revisions\/3501"}],"wp:attachment":[{"href":"https:\/\/blocknitive.com\/fr\/wp-json\/wp\/v2\/media?parent=2428"}],"curies":[{"name":"wp","href":"https:\/\/api.w.org\/{rel}","templated":true}]}}