{"id":3,"date":"2020-04-24T17:28:51","date_gmt":"2020-04-24T15:28:51","guid":{"rendered":"https:\/\/blocknitive.com\/?page_id=3"},"modified":"2023-04-01T11:42:40","modified_gmt":"2023-04-01T09:42:40","slug":"politica-de-privacidad","status":"publish","type":"page","link":"https:\/\/blocknitive.com\/fr\/politica-de-privacidad\/","title":{"rendered":"Politique de confidentialit\u00e9"},"content":{"rendered":"<div data-elementor-type=\"wp-page\" data-elementor-id=\"3\" class=\"elementor elementor-3\" data-elementor-post-type=\"page\">\n\t\t\t\t\t\t<section class=\"elementor-section elementor-top-section elementor-element elementor-element-86f867d elementor-section-boxed elementor-section-height-default elementor-section-height-default\" data-id=\"86f867d\" data-element_type=\"section\">\n\t\t\t\t\t\t<div class=\"elementor-container elementor-column-gap-default\">\n\t\t\t\t\t<div class=\"elementor-column elementor-col-100 elementor-top-column elementor-element elementor-element-ede81c9\" data-id=\"ede81c9\" data-element_type=\"column\">\n\t\t\t<div class=\"elementor-widget-wrap elementor-element-populated\">\n\t\t\t\t\t\t\t<\/div>\n\t\t<\/div>\n\t\t\t\t\t<\/div>\n\t\t<\/section>\n\t\t\t\t<section class=\"elementor-section elementor-top-section elementor-element elementor-element-2bfa8ed5 elementor-section-boxed elementor-section-height-default elementor-section-height-default\" data-id=\"2bfa8ed5\" data-element_type=\"section\">\n\t\t\t\t\t\t<div class=\"elementor-container elementor-column-gap-default\">\n\t\t\t\t\t<div class=\"elementor-column elementor-col-100 elementor-top-column elementor-element elementor-element-56da9aba\" data-id=\"56da9aba\" data-element_type=\"column\">\n\t\t\t<div class=\"elementor-widget-wrap elementor-element-populated\">\n\t\t\t\t\t\t<div class=\"elementor-element elementor-element-3aa47448 elementor-widget elementor-widget-text-editor\" data-id=\"3aa47448\" data-element_type=\"widget\" data-widget_type=\"text-editor.default\">\n\t\t\t\t<div class=\"elementor-widget-container\">\n\t\t\t\t\t\t\t<ul class=\"none-style\">\n<li>\n<h3>1. le contr\u00f4leur des donn\u00e9es et le traitement<\/h3>\n<p>Blocknitive S.L., ci-apr\u00e8s BLOCKNITIVE.COM, dont l'adresse de contact est situ\u00e9e \u00e0 C\/ Pr\u00edncipe de Vergara n\u00ba 8, 2\u00ba IZQ, 28001, Madrid et l'adresse \u00e9lectronique informacion@blocknitive.com, est responsable des fichiers et des traitements dans lesquels seront incluses les donn\u00e9es personnelles collect\u00e9es et trait\u00e9es \u00e0 partir de ce site Web, ainsi que du reste du traitement indiqu\u00e9 sur cette page.<\/p>\n<\/li>\n<li>\n<h3>2. les traitements<\/h3>\n<p>BLOCKNITIVE.COM ne traite que les donn\u00e9es personnelles \u00e9num\u00e9r\u00e9es ci-dessous :<\/p>\n<ul class=\"none-style\">\n<li>\n<h4><u>A) Donn\u00e9es collect\u00e9es par le biais du site web<\/u><\/h4>\n<p><strong>Objet :<\/strong>&nbsp;R\u00e9pondre aux demandes d'information et de contact envoy\u00e9es par courrier \u00e9lectronique et par les formulaires de contact sur le site web.<br><strong>Conservation :<\/strong>&nbsp;Les donn\u00e9es personnelles de la personne concern\u00e9e seront conserv\u00e9es jusqu'\u00e0 ce que la personne concern\u00e9e demande leur suppression et, en tout \u00e9tat de cause, pendant une p\u00e9riode maximale de trois ans.<br><strong>L\u00e9gitimation :<\/strong>&nbsp;Consentement des parties prenantes<br><strong>Groupe cible :<\/strong>&nbsp;La communication de donn\u00e9es personnelles n'est pas envisag\u00e9e, sauf dans les cas pr\u00e9vus par une obligation l\u00e9gale.<br><strong>Moyens d'obtention :<\/strong>&nbsp;Les donn\u00e9es personnelles que nous traitons ont \u00e9t\u00e9 obtenues aupr\u00e8s de la personne concern\u00e9e elle-m\u00eame<br>Les cat\u00e9gories de donn\u00e9es trait\u00e9es sont les suivantes :<\/p>\n<ul>\n<li>Donn\u00e9es d'identification<\/li>\n<li>Coordonn\u00e9es de la personne \u00e0 contacter<\/li>\n<\/ul>\n<p>Pas de traitement de donn\u00e9es sp\u00e9cialement prot\u00e9g\u00e9es<\/p>\n<\/li>\n<li>\n<h4><u>B) Recrutement<\/u><\/h4>\n<p><strong>Objet :<\/strong>&nbsp;Participer aux processus de s\u00e9lection du personnel de notre entreprise.<br><strong>Conservation :<\/strong>&nbsp;Les donn\u00e9es personnelles du candidat seront conserv\u00e9es jusqu'\u00e0 ce que la personne concern\u00e9e demande leur suppression et, en tout \u00e9tat de cause, pendant une p\u00e9riode maximale de trois ans.<br><strong>L\u00e9gitimation :<\/strong>&nbsp;Consentement de la personne concern\u00e9e<br><strong>Groupe cible :<\/strong>&nbsp;La communication des donn\u00e9es personnelles n'est pas pr\u00e9vue, sauf dans les cas o\u00f9, avec le consentement pr\u00e9alable du candidat, ses donn\u00e9es doivent \u00eatre communiqu\u00e9es aux entreprises dans les locaux desquelles les services doivent \u00eatre fournis pour le poste vacant auquel il postule.<br><strong>Moyens d'obtention :<\/strong>&nbsp;Les donn\u00e9es personnelles que nous traitons sont obtenues aupr\u00e8s de l'int\u00e9ress\u00e9 par le biais des programmes d'\u00e9tudes, des formulaires ou des entretiens de s\u00e9lection qu'il r\u00e9alise avec nous. Uniquement dans les cas o\u00f9 le candidat l'autorise, les informations le concernant peuvent \u00eatre obtenues par l'interm\u00e9diaire des entreprises dans lesquelles il a travaill\u00e9 pr\u00e9c\u00e9demment.<br>Les cat\u00e9gories de donn\u00e9es trait\u00e9es sont les suivantes :<\/p>\n<ul>\n<li>Donn\u00e9es d'identification<\/li>\n<li>Caract\u00e9ristiques personnelles<\/li>\n<li>Donn\u00e9es acad\u00e9miques<\/li>\n<li>Donn\u00e9es relatives aux ant\u00e9c\u00e9dents professionnels<\/li>\n<\/ul>\n<p>Pas de traitement de donn\u00e9es sp\u00e9cialement prot\u00e9g\u00e9es<\/p>\n<\/li>\n<li>&nbsp;<\/li>\n<li>\n<h4><u>C) Ressources humaines<\/u><\/h4>\n<p><strong>Objet :<\/strong>&nbsp;Maintien et respect de la relation de travail, paie, pr\u00e9vention des risques professionnels, formation des salari\u00e9s et \u00e9valuation des performances.<br><strong>Conservation :<\/strong>&nbsp;Une fois que votre relation de travail avec notre soci\u00e9t\u00e9 a pris fin, les donn\u00e9es seront conserv\u00e9es pendant 5 ans (article 4 du d\u00e9cret royal l\u00e9gislatif 5\/2000), \u00e0 moins que ces donn\u00e9es ne soient n\u00e9cessaires pour traiter une plainte, une proc\u00e9dure disciplinaire ou l'exercice de droits, auquel cas elles seront conserv\u00e9es jusqu'\u00e0 la fin de la proc\u00e9dure en question.<br><strong>L\u00e9gitimation :<\/strong>&nbsp;La base juridique du traitement de vos donn\u00e9es est l'ex\u00e9cution du contrat de travail conclu entre les parties.<br><strong>Groupe cible :<\/strong>&nbsp;La communication des donn\u00e9es personnelles des employ\u00e9s est envisag\u00e9e dans les cas suivants :<\/p>\n<ul>\n<li>Aux entreprises clientes de notre entit\u00e9 dans les installations ou les projets desquelles il\/elle exerce ses fonctions.<\/li>\n<li>aux autorit\u00e9s comp\u00e9tentes en mati\u00e8re d'emploi, de s\u00e9curit\u00e9 sociale et de fiscalit\u00e9 auxquelles nous sommes tenus de fournir des informations pour remplir des obligations l\u00e9gales.<\/li>\n<li>Aux banques charg\u00e9es du paiement de leurs salaires<\/li>\n<li>Aux services de pr\u00e9vention des risques professionnels et aux entreprises, mutuelles ou entit\u00e9s charg\u00e9es de la surveillance de la sant\u00e9, dans le respect des obligations l\u00e9gales \u00e9tablies en la mati\u00e8re.<\/li>\n<li>Les courtiers d'assurance, les agences ou les soci\u00e9t\u00e9s aupr\u00e8s desquels des polices d'assurance sont souscrites pour assurer ou couvrir des risques li\u00e9s \u00e0 l'employ\u00e9 ou \u00e0 son activit\u00e9 professionnelle.<\/li>\n<li>Dans tous les autres cas \u00e9tablis par une obligation l\u00e9gale.<\/li>\n<\/ul>\n<p><strong>Moyens d'obtention :<\/strong>&nbsp;Les donn\u00e9es personnelles que nous traitons sont obtenues aupr\u00e8s de la personne concern\u00e9e elle-m\u00eame<\/p>\n<p>Les cat\u00e9gories de donn\u00e9es trait\u00e9es sont les suivantes :<\/p>\n<ul>\n<li>Identification et coordonn\u00e9es<\/li>\n<li>Caract\u00e9ristiques personnelles<\/li>\n<li>Donn\u00e9es sur les \u00e9tudes et l'emploi<\/li>\n<li>Donn\u00e9es sur la masse salariale et les revenus du travail<\/li>\n<li>Coordonn\u00e9es bancaires<\/li>\n<\/ul>\n<p>Des donn\u00e9es relevant de cat\u00e9gories particuli\u00e8res peuvent \u00eatre trait\u00e9es dans le cadre du respect des obligations l\u00e9gales d\u00e9coulant de la relation de travail (par exemple, les donn\u00e9es relatives au handicap, aux cong\u00e9s de maladie ou \u00e0 l'incapacit\u00e9 .... Etc).<\/p>\n<\/li>\n<li>\n<h4><u>D) Clients<\/u><\/h4>\n<p><strong>Objet :<\/strong>&nbsp;Fourniture de services \u00e0 nos clients<br><strong>Conservation :<\/strong>&nbsp;Les donn\u00e9es seront conserv\u00e9es pendant 5 ans (article 1964 du code civil).<br><strong>L\u00e9gitimation :<\/strong>&nbsp;Ex\u00e9cution du contrat pour la fourniture des services demand\u00e9s par la partie int\u00e9ress\u00e9e.<br><strong>Groupe cible :<\/strong>&nbsp;La communication de donn\u00e9es personnelles n'est pas envisag\u00e9e, sauf dans les cas pr\u00e9vus par une obligation l\u00e9gale.<br><strong>Moyens d'obtention :<\/strong>&nbsp;Les donn\u00e9es personnelles que nous traitons ont \u00e9t\u00e9 obtenues aupr\u00e8s de la personne concern\u00e9e elle-m\u00eame<br>Les cat\u00e9gories de donn\u00e9es trait\u00e9es sont les suivantes :<\/p>\n<ul>\n<li>Donn\u00e9es d'identification<\/li>\n<li>Coordonn\u00e9es de la personne \u00e0 contacter<\/li>\n<\/ul>\n<p>Pas de traitement de donn\u00e9es sp\u00e9cialement prot\u00e9g\u00e9es<\/p>\n<\/li>\n<li>\n<h4><u>E) Fournisseurs<\/u><\/h4>\n<p><strong>Objet :<\/strong>&nbsp;Gestion des fournisseurs<br><strong>Conservation :<\/strong>&nbsp;Les donn\u00e9es seront conserv\u00e9es pendant 5 ans (article 1964 du code civil).<br><strong>L\u00e9gitimation :<\/strong>&nbsp;Ex\u00e9cution du contrat avec le fournisseur<br><strong>Groupe cible :<\/strong>&nbsp;La communication de donn\u00e9es personnelles n'est pas envisag\u00e9e, sauf dans les cas pr\u00e9vus par une obligation l\u00e9gale.<br><strong>Moyens d'obtention :<\/strong>&nbsp;Les donn\u00e9es personnelles que nous traitons ont \u00e9t\u00e9 obtenues aupr\u00e8s de la personne concern\u00e9e elle-m\u00eame<br>Les cat\u00e9gories de donn\u00e9es trait\u00e9es sont les suivantes :<\/p>\n<ul>\n<li>Donn\u00e9es d'identification<\/li>\n<li>Coordonn\u00e9es de la personne \u00e0 contacter<\/li>\n<li>Biens et services fournis par le fournisseur<\/li>\n<\/ul>\n<p>Pas de traitement de donn\u00e9es sp\u00e9cialement prot\u00e9g\u00e9es<\/p>\n<\/li>\n<\/ul>\n<h3>3. Droits des parties prenantes<\/h3>\n<ul>\n<li>Vous avez le droit d'obtenir la confirmation que nous traitons ou non des donn\u00e9es \u00e0 caract\u00e8re personnel vous concernant.<\/li>\n<li>Les personnes int\u00e9ress\u00e9es ont le droit d'acc\u00e9der \u00e0 leurs donn\u00e9es personnelles, ainsi que de demander la rectification des donn\u00e9es inexactes ou, le cas \u00e9ch\u00e9ant, de demander leur suppression lorsque, entre autres raisons, les donn\u00e9es ne sont plus n\u00e9cessaires aux fins pour lesquelles elles ont \u00e9t\u00e9 collect\u00e9es.<\/li>\n<li>Dans certaines circonstances, les personnes concern\u00e9es peuvent nous demander de limiter le traitement de leurs donn\u00e9es, auquel cas nous ne conserverons les donn\u00e9es qu'\u00e0 des fins de poursuite ou de d\u00e9fense.<\/li>\n<li>Dans certaines circonstances et pour des raisons tenant \u00e0 leur situation particuli\u00e8re, les personnes concern\u00e9es peuvent s'opposer au traitement de leurs donn\u00e9es. Dans ce cas, leurs donn\u00e9es ne seront pas trait\u00e9es, sauf pour des motifs l\u00e9gitimes ou pour l'exercice ou la d\u00e9fense d'\u00e9ventuelles r\u00e9clamations.<\/li>\n<li>Dans certaines circonstances, vous avez le droit de recevoir les donn\u00e9es \u00e0 caract\u00e8re personnel vous concernant dans un format structur\u00e9, couramment utilis\u00e9 et lisible par machine.<\/li>\n<\/ul>\n<p>Vous pouvez exercer vos droits par les moyens de contact indiqu\u00e9s dans la pr\u00e9sente politique (adresse \u00e9lectronique ou en personne dans nos locaux), ainsi qu'obtenir plus d'informations sur vos droits et les mod\u00e8les d'acc\u00e8s pour les exercer \u00e0 l'adresse suivante <a href=\"http:\/\/www.agpd.es\/portalwebAGPD\/CanalDelCiudadano\/derechos\/index-ides-idphp.php\" target=\"_blank\" rel=\"noopener\">web<\/a>.<\/p>\n<p>De m\u00eame, nous vous informons de votre droit de d\u00e9poser une plainte aupr\u00e8s de l'Agence espagnole de protection des donn\u00e9es si la demande d'exercice d'un droit n'a pas \u00e9t\u00e9 correctement satisfaite ou si, pour toute autre raison, vous consid\u00e9rez que vos donn\u00e9es personnelles ne sont pas trait\u00e9es correctement. Pour ce faire, vous pouvez vous adresser \u00e0 l'adresse suivante <a href=\"https:\/\/sedeagpd.gob.es\/sede-electronica-web\/vistas\/formSpam\/\" target=\"_blank\">web<\/a>.<br><br><\/p>\n<\/li>\n<\/ul>\t\t\t\t\t\t<\/div>\n\t\t\t\t<\/div>\n\t\t\t\t\t<\/div>\n\t\t<\/div>\n\t\t\t\t\t<\/div>\n\t\t<\/section>\n\t\t\t\t<\/div>","protected":false},"excerpt":{"rendered":"<p>Responsable du fichier et du traitement Blocknitive S.L, ci-apr\u00e8s BLOCKNITIVE.COM, dont l'adresse de contact est situ\u00e9e \u00e0 C\/ Pr\u00edncipe de Vergara n\u00ba 8, 2\u00ba IZQ, 28001, Madrid et l'adresse \u00e9lectronique informacion@blocknitive.com, est responsable des fichiers et des traitements dans lesquels seront incluses les donn\u00e9es \u00e0 caract\u00e8re personnel collect\u00e9es et trait\u00e9es \u00e0 partir de ce site web, ainsi que [...]<\/p>","protected":false},"author":1,"featured_media":0,"parent":0,"menu_order":0,"comment_status":"closed","ping_status":"closed","template":"","meta":{"footnotes":""},"class_list":["post-3","page","type-page","status-publish","hentry"],"yoast_head":"<!-- This site is optimized with the Yoast SEO plugin v23.9 - https:\/\/yoast.com\/wordpress\/plugins\/seo\/ -->\n<title>Pol\u00edtica de privacidad - Blocknitive<\/title>\n<meta name=\"robots\" content=\"noindex, follow\" \/>\n<meta property=\"og:locale\" content=\"fr_FR\" \/>\n<meta property=\"og:type\" content=\"article\" \/>\n<meta property=\"og:title\" content=\"Pol\u00edtica de privacidad - Blocknitive\" \/>\n<meta property=\"og:description\" content=\"1. Responsable del Fichero y Tratamiento Blocknitive S.L, en adelante BLOCKNITIVE.COM, con domicilio de contacto sito en C\/ Pr\u00edncipe de Vergara n\u00ba 8, 2\u00ba IZQ, 28001, Madrid y direcci\u00f3n de email&nbsp;informacion@blocknitive.com, es el responsable de los ficheros y tratamientos en los que se incluir\u00e1n los datos personales recogidos y tratados desde esta p\u00e1gina web, as\u00ed [&hellip;]\" \/>\n<meta property=\"og:url\" content=\"https:\/\/blocknitive.com\/fr\/politica-de-privacidad\/\" \/>\n<meta property=\"og:site_name\" content=\"Blocknitive\" \/>\n<meta property=\"article:modified_time\" content=\"2023-04-01T09:42:40+00:00\" \/>\n<meta property=\"og:image\" content=\"https:\/\/blocknitive.com\/wp-content\/uploads\/2020\/05\/opengr.png\" \/>\n\t<meta property=\"og:image:width\" content=\"1200\" \/>\n\t<meta property=\"og:image:height\" content=\"630\" \/>\n\t<meta property=\"og:image:type\" content=\"image\/png\" \/>\n<meta name=\"twitter:card\" content=\"summary_large_image\" \/>\n<meta name=\"twitter:site\" content=\"@blocknitive\" \/>\n<meta name=\"twitter:label1\" content=\"Dur\u00e9e de lecture estim\u00e9e\" \/>\n\t<meta name=\"twitter:data1\" content=\"6 minutes\" \/>\n<script type=\"application\/ld+json\" class=\"yoast-schema-graph\">{\"@context\":\"https:\/\/schema.org\",\"@graph\":[{\"@type\":\"WebPage\",\"@id\":\"https:\/\/blocknitive.com\/politica-de-privacidad\/\",\"url\":\"https:\/\/blocknitive.com\/politica-de-privacidad\/\",\"name\":\"Pol\u00edtica de privacidad - Blocknitive\",\"isPartOf\":{\"@id\":\"https:\/\/blocknitive.com\/#website\"},\"datePublished\":\"2020-04-24T15:28:51+00:00\",\"dateModified\":\"2023-04-01T09:42:40+00:00\",\"breadcrumb\":{\"@id\":\"https:\/\/blocknitive.com\/politica-de-privacidad\/#breadcrumb\"},\"inLanguage\":\"fr-FR\",\"potentialAction\":[{\"@type\":\"ReadAction\",\"target\":[\"https:\/\/blocknitive.com\/politica-de-privacidad\/\"]}]},{\"@type\":\"BreadcrumbList\",\"@id\":\"https:\/\/blocknitive.com\/politica-de-privacidad\/#breadcrumb\",\"itemListElement\":[{\"@type\":\"ListItem\",\"position\":1,\"name\":\"Portada\",\"item\":\"https:\/\/blocknitive.com\/\"},{\"@type\":\"ListItem\",\"position\":2,\"name\":\"Pol\u00edtica de privacidad\"}]},{\"@type\":\"WebSite\",\"@id\":\"https:\/\/blocknitive.com\/#website\",\"url\":\"https:\/\/blocknitive.com\/\",\"name\":\"Blocknitive\",\"description\":\"Soluciones blockchain que simplifican procesos complejos\",\"publisher\":{\"@id\":\"https:\/\/blocknitive.com\/#organization\"},\"potentialAction\":[{\"@type\":\"SearchAction\",\"target\":{\"@type\":\"EntryPoint\",\"urlTemplate\":\"https:\/\/blocknitive.com\/?s={search_term_string}\"},\"query-input\":{\"@type\":\"PropertyValueSpecification\",\"valueRequired\":true,\"valueName\":\"search_term_string\"}}],\"inLanguage\":\"fr-FR\"},{\"@type\":\"Organization\",\"@id\":\"https:\/\/blocknitive.com\/#organization\",\"name\":\"Blocknitive - Soluciones Blockchain que simplifican Procesos Complejos.\",\"url\":\"https:\/\/blocknitive.com\/\",\"logo\":{\"@type\":\"ImageObject\",\"inLanguage\":\"fr-FR\",\"@id\":\"https:\/\/blocknitive.com\/#\/schema\/logo\/image\/\",\"url\":\"https:\/\/blocknitive.com\/wp-content\/uploads\/2020\/05\/opengr.png\",\"contentUrl\":\"https:\/\/blocknitive.com\/wp-content\/uploads\/2020\/05\/opengr.png\",\"width\":1200,\"height\":630,\"caption\":\"Blocknitive - Soluciones Blockchain que simplifican Procesos Complejos.\"},\"image\":{\"@id\":\"https:\/\/blocknitive.com\/#\/schema\/logo\/image\/\"},\"sameAs\":[\"https:\/\/x.com\/blocknitive\",\"https:\/\/www.linkedin.com\/company\/blocknitive\/\",\"https:\/\/www.youtube.com\/channel\/UCQ-nb1ek-hLFNJ_N6Z6bRzg\"]}]}<\/script>\n<!-- \/ Yoast SEO plugin. -->","yoast_head_json":{"title":"Pol\u00edtica de privacidad - Blocknitive","robots":{"index":"noindex","follow":"follow"},"og_locale":"fr_FR","og_type":"article","og_title":"Pol\u00edtica de privacidad - Blocknitive","og_description":"1. Responsable del Fichero y Tratamiento Blocknitive S.L, en adelante BLOCKNITIVE.COM, con domicilio de contacto sito en C\/ Pr\u00edncipe de Vergara n\u00ba 8, 2\u00ba IZQ, 28001, Madrid y direcci\u00f3n de email&nbsp;informacion@blocknitive.com, es el responsable de los ficheros y tratamientos en los que se incluir\u00e1n los datos personales recogidos y tratados desde esta p\u00e1gina web, as\u00ed [&hellip;]","og_url":"https:\/\/blocknitive.com\/fr\/politica-de-privacidad\/","og_site_name":"Blocknitive","article_modified_time":"2023-04-01T09:42:40+00:00","og_image":[{"width":1200,"height":630,"url":"https:\/\/blocknitive.com\/wp-content\/uploads\/2020\/05\/opengr.png","type":"image\/png"}],"twitter_card":"summary_large_image","twitter_site":"@blocknitive","twitter_misc":{"Dur\u00e9e de lecture estim\u00e9e":"6 minutes"},"schema":{"@context":"https:\/\/schema.org","@graph":[{"@type":"WebPage","@id":"https:\/\/blocknitive.com\/politica-de-privacidad\/","url":"https:\/\/blocknitive.com\/politica-de-privacidad\/","name":"Pol\u00edtica de privacidad - Blocknitive","isPartOf":{"@id":"https:\/\/blocknitive.com\/#website"},"datePublished":"2020-04-24T15:28:51+00:00","dateModified":"2023-04-01T09:42:40+00:00","breadcrumb":{"@id":"https:\/\/blocknitive.com\/politica-de-privacidad\/#breadcrumb"},"inLanguage":"fr-FR","potentialAction":[{"@type":"ReadAction","target":["https:\/\/blocknitive.com\/politica-de-privacidad\/"]}]},{"@type":"BreadcrumbList","@id":"https:\/\/blocknitive.com\/politica-de-privacidad\/#breadcrumb","itemListElement":[{"@type":"ListItem","position":1,"name":"Portada","item":"https:\/\/blocknitive.com\/"},{"@type":"ListItem","position":2,"name":"Pol\u00edtica de privacidad"}]},{"@type":"WebSite","@id":"https:\/\/blocknitive.com\/#website","url":"https:\/\/blocknitive.com\/","name":"Blocknitive","description":"Soluciones blockchain que simplifican procesos complejos","publisher":{"@id":"https:\/\/blocknitive.com\/#organization"},"potentialAction":[{"@type":"SearchAction","target":{"@type":"EntryPoint","urlTemplate":"https:\/\/blocknitive.com\/?s={search_term_string}"},"query-input":{"@type":"PropertyValueSpecification","valueRequired":true,"valueName":"search_term_string"}}],"inLanguage":"fr-FR"},{"@type":"Organization","@id":"https:\/\/blocknitive.com\/#organization","name":"Blocknitive - Soluciones Blockchain que simplifican Procesos Complejos.","url":"https:\/\/blocknitive.com\/","logo":{"@type":"ImageObject","inLanguage":"fr-FR","@id":"https:\/\/blocknitive.com\/#\/schema\/logo\/image\/","url":"https:\/\/blocknitive.com\/wp-content\/uploads\/2020\/05\/opengr.png","contentUrl":"https:\/\/blocknitive.com\/wp-content\/uploads\/2020\/05\/opengr.png","width":1200,"height":630,"caption":"Blocknitive - Soluciones Blockchain que simplifican Procesos Complejos."},"image":{"@id":"https:\/\/blocknitive.com\/#\/schema\/logo\/image\/"},"sameAs":["https:\/\/x.com\/blocknitive","https:\/\/www.linkedin.com\/company\/blocknitive\/","https:\/\/www.youtube.com\/channel\/UCQ-nb1ek-hLFNJ_N6Z6bRzg"]}]}},"_links":{"self":[{"href":"https:\/\/blocknitive.com\/fr\/wp-json\/wp\/v2\/pages\/3","targetHints":{"allow":["GET"]}}],"collection":[{"href":"https:\/\/blocknitive.com\/fr\/wp-json\/wp\/v2\/pages"}],"about":[{"href":"https:\/\/blocknitive.com\/fr\/wp-json\/wp\/v2\/types\/page"}],"author":[{"embeddable":true,"href":"https:\/\/blocknitive.com\/fr\/wp-json\/wp\/v2\/users\/1"}],"replies":[{"embeddable":true,"href":"https:\/\/blocknitive.com\/fr\/wp-json\/wp\/v2\/comments?post=3"}],"version-history":[{"count":15,"href":"https:\/\/blocknitive.com\/fr\/wp-json\/wp\/v2\/pages\/3\/revisions"}],"predecessor-version":[{"id":3372,"href":"https:\/\/blocknitive.com\/fr\/wp-json\/wp\/v2\/pages\/3\/revisions\/3372"}],"wp:attachment":[{"href":"https:\/\/blocknitive.com\/fr\/wp-json\/wp\/v2\/media?parent=3"}],"curies":[{"name":"wp","href":"https:\/\/api.w.org\/{rel}","templated":true}]}}