{"id":3413,"date":"2023-04-17T11:39:33","date_gmt":"2023-04-17T09:39:33","guid":{"rendered":"https:\/\/blocknitive.com\/?page_id=3413"},"modified":"2023-04-17T11:42:19","modified_gmt":"2023-04-17T09:42:19","slug":"politica-de-gestion-de-la-seguridad","status":"publish","type":"page","link":"https:\/\/blocknitive.com\/fr\/politica-de-gestion-de-la-seguridad\/","title":{"rendered":"Politique de gestion de la s\u00e9curit\u00e9 de l'information"},"content":{"rendered":"<div data-elementor-type=\"wp-page\" data-elementor-id=\"3413\" class=\"elementor elementor-3413\" data-elementor-post-type=\"page\">\n\t\t\t\t\t\t<section class=\"elementor-section elementor-top-section elementor-element elementor-element-c717511 elementor-section-boxed elementor-section-height-default elementor-section-height-default\" data-id=\"c717511\" data-element_type=\"section\">\n\t\t\t\t\t\t<div class=\"elementor-container elementor-column-gap-default\">\n\t\t\t\t\t<div class=\"elementor-column elementor-col-100 elementor-top-column elementor-element elementor-element-fff9de9\" data-id=\"fff9de9\" data-element_type=\"column\">\n\t\t\t<div class=\"elementor-widget-wrap elementor-element-populated\">\n\t\t\t\t\t\t\t<\/div>\n\t\t<\/div>\n\t\t\t\t\t<\/div>\n\t\t<\/section>\n\t\t\t\t<section class=\"elementor-section elementor-top-section elementor-element elementor-element-471a3d2b elementor-section-boxed elementor-section-height-default elementor-section-height-default\" data-id=\"471a3d2b\" data-element_type=\"section\">\n\t\t\t\t\t\t<div class=\"elementor-container elementor-column-gap-default\">\n\t\t\t\t\t<div class=\"elementor-column elementor-col-100 elementor-top-column elementor-element elementor-element-2d948272\" data-id=\"2d948272\" data-element_type=\"column\">\n\t\t\t<div class=\"elementor-widget-wrap elementor-element-populated\">\n\t\t\t\t\t\t<div class=\"elementor-element elementor-element-2e48b376 elementor-widget elementor-widget-text-editor\" data-id=\"2e48b376\" data-element_type=\"widget\" data-widget_type=\"text-editor.default\">\n\t\t\t\t<div class=\"elementor-widget-container\">\n\t\t\t\t\t\t\t<p>BLOCKNITIVE est une soci\u00e9t\u00e9 espagnole experte en technologies de l'information, d\u00e9di\u00e9e aux \"Technologies de l'Information et de la Communication\".<strong>la conception et le d\u00e9veloppement d'applications logicielles tierces<\/strong>\"Nous offrons des solutions cr\u00e9atives aux probl\u00e8mes des entreprises et une expertise pour aider les clients \u00e0 se tenir au courant des derni\u00e8res innovations en mati\u00e8re de technologies de l'information et de la communication et \u00e0 appliquer ces technologies au profit de leur entreprise. L'entreprise r\u00e9alise des projets sur mesure pour chaque client, en les d\u00e9veloppant et en les int\u00e9grant dans le syst\u00e8me de gestion de chaque client. Elle assume la responsabilit\u00e9 partielle ou totale de l'\u00e9volution ou de la gestion des syst\u00e8mes d'information et met \u00e0 disposition des professionnels plus ou moins sp\u00e9cialis\u00e9s et exp\u00e9riment\u00e9s, capables de cr\u00e9er de nouvelles solutions informatiques, de soutenir la gestion, la continuit\u00e9 op\u00e9rationnelle et l'\u00e9volution technologique de plates-formes nouvelles ou existantes. Il s'agit d'une \u00e9quipe dot\u00e9e d'une grande exp\u00e9rience dans son domaine, avec des projets r\u00e9alis\u00e9s dans des entreprises de secteurs, de tailles et de complexit\u00e9s les plus vari\u00e9s.<\/p><p>BLOCKNITIVE, conscient que la s\u00e9curit\u00e9 des informations de nos clients est une ressource pr\u00e9cieuse, a \u00e9tabli un syst\u00e8me de gestion de la s\u00e9curit\u00e9 de l'information conform\u00e9ment aux exigences de la norme ISO\/IEC 27001 pour garantir la continuit\u00e9 des syst\u00e8mes d'information, minimiser le risque de dommages et assurer la conformit\u00e9 avec les objectifs fix\u00e9s.<\/p><p>L'objectif de la politique de s\u00e9curit\u00e9 est d'\u00e9tablir le cadre d'action n\u00e9cessaire pour prot\u00e9ger les ressources d'information contre les menaces, qu'elles soient internes ou externes, d\u00e9lib\u00e9r\u00e9es ou accidentelles, afin d'assurer le respect de la confidentialit\u00e9, de l'int\u00e9grit\u00e9 et de la disponibilit\u00e9 des informations.<\/p><p>L'efficacit\u00e9 et l'application du syst\u00e8me de gestion de la s\u00e9curit\u00e9 de l'information rel\u00e8vent directement du comit\u00e9 de s\u00e9curit\u00e9 de l'information, qui est responsable de l'approbation, de la diffusion et du respect de la pr\u00e9sente politique de s\u00e9curit\u00e9. En son nom et pour son compte, un gestionnaire du syst\u00e8me de gestion de la s\u00e9curit\u00e9 de l'information a \u00e9t\u00e9 nomm\u00e9, qui dispose de l'autorit\u00e9 n\u00e9cessaire pour jouer un r\u00f4le actif dans le syst\u00e8me de gestion de la s\u00e9curit\u00e9 de l'information, en supervisant sa mise en \u0153uvre, son d\u00e9veloppement et sa maintenance.<\/p><p>Le comit\u00e9 de s\u00e9curit\u00e9 de l'information \u00e9labore et approuve la m\u00e9thode d'analyse des risques utilis\u00e9e dans le syst\u00e8me de gestion de la s\u00e9curit\u00e9 de l'information.<\/p><p>Toute personne dont l'activit\u00e9 peut, directement ou indirectement, \u00eatre concern\u00e9e par les exigences du syst\u00e8me de gestion de la s\u00e9curit\u00e9 de l'information est tenue de se conformer strictement \u00e0 la politique de s\u00e9curit\u00e9.<\/p><p>BLOCKNITIVE mettra en \u0153uvre toutes les mesures n\u00e9cessaires pour se conformer aux r\u00e9glementations applicables en mati\u00e8re de s\u00e9curit\u00e9 en g\u00e9n\u00e9ral et de s\u00e9curit\u00e9 informatique, concernant la politique informatique, la s\u00e9curit\u00e9 des b\u00e2timents et des installations et le comportement des employ\u00e9s et des tiers associ\u00e9s \u00e0 BLOCKNITIVE dans l'utilisation des syst\u00e8mes informatiques. Les mesures n\u00e9cessaires pour garantir la s\u00e9curit\u00e9 des informations par l'application de r\u00e8gles, proc\u00e9dures et contr\u00f4les doivent assurer la confidentialit\u00e9, l'int\u00e9grit\u00e9 et la disponibilit\u00e9 des informations, essentielles pour :<\/p>\n<p><\/p>\n<ul>\n<li>Respecter la l\u00e9gislation en vigueur sur les syst\u00e8mes d'information.<\/li>\n<li>Assurer la confidentialit\u00e9 des donn\u00e9es g\u00e9r\u00e9es par BLOCKNITIVE.<\/li>\n<li>Assurer la disponibilit\u00e9 des syst\u00e8mes d'information, tant dans les services offerts aux clients que dans la gestion interne.<\/li>\n<li>Garantir la capacit\u00e9 \u00e0 r\u00e9pondre aux situations d'urgence, en r\u00e9tablissant le fonctionnement des services essentiels dans les plus brefs d\u00e9lais.<\/li>\n<li>\u00c9viter de modifier ind\u00fbment les informations.<\/li>\n<li>Promouvoir la sensibilisation et la formation \u00e0 la s\u00e9curit\u00e9 de l'information.<\/li>\n<\/ul>\t\t\t\t\t\t<\/div>\n\t\t\t\t<\/div>\n\t\t\t\t\t<\/div>\n\t\t<\/div>\n\t\t\t\t\t<\/div>\n\t\t<\/section>\n\t\t\t\t<\/div>","protected":false},"excerpt":{"rendered":"<p>BLOCKNITIVE est une soci\u00e9t\u00e9 espagnole d'experts en informatique, d\u00e9di\u00e9e \u00e0 la \"conception et au d\u00e9veloppement d'applications logicielles tierces\", offrant des solutions cr\u00e9atives aux probl\u00e8mes des entreprises et une expertise pour aider les clients \u00e0 se tenir au courant des derni\u00e8res innovations en mati\u00e8re de technologies de l'information et de la communication, ainsi qu'\u00e0 appliquer ces technologies \u00e0 leur entreprise [...].<\/p>","protected":false},"author":5,"featured_media":0,"parent":0,"menu_order":0,"comment_status":"closed","ping_status":"closed","template":"","meta":{"footnotes":""},"class_list":["post-3413","page","type-page","status-publish","hentry"],"yoast_head":"<!-- This site is optimized with the Yoast SEO plugin v23.9 - https:\/\/yoast.com\/wordpress\/plugins\/seo\/ -->\n<title>Pol\u00edtica de Gesti\u00f3n de la Seguridad de la Informaci\u00f3n - Blocknitive<\/title>\n<meta name=\"robots\" content=\"index, follow, max-snippet:-1, max-image-preview:large, max-video-preview:-1\" \/>\n<link rel=\"canonical\" href=\"https:\/\/blocknitive.com\/fr\/politica-de-gestion-de-la-seguridad\/\" \/>\n<meta property=\"og:locale\" content=\"fr_FR\" \/>\n<meta property=\"og:type\" content=\"article\" \/>\n<meta property=\"og:title\" content=\"Pol\u00edtica de Gesti\u00f3n de la Seguridad de la Informaci\u00f3n - Blocknitive\" \/>\n<meta property=\"og:description\" content=\"BLOCKNITIVE es una compa\u00f1\u00eda espa\u00f1ola experta en tecnolog\u00edas de la informaci\u00f3n, dedicada al \u201cdise\u00f1o y &nbsp;desarrollo de aplicaciones inform\u00e1ticas a terceros\u201d, ofreciendo soluciones creativas para problemas de negocio y conocimientos para ayudar a los clientes a mantenerse actualizadas con las \u00faltimas innovaciones en tecnolog\u00eda de la informaci\u00f3n y de comunicaciones, as\u00ed como aplicar estas tecnolog\u00edas [&hellip;]\" \/>\n<meta property=\"og:url\" content=\"https:\/\/blocknitive.com\/fr\/politica-de-gestion-de-la-seguridad\/\" \/>\n<meta property=\"og:site_name\" content=\"Blocknitive\" \/>\n<meta property=\"article:modified_time\" content=\"2023-04-17T09:42:19+00:00\" \/>\n<meta property=\"og:image\" content=\"https:\/\/blocknitive.com\/wp-content\/uploads\/2020\/05\/opengr.png\" \/>\n\t<meta property=\"og:image:width\" content=\"1200\" \/>\n\t<meta property=\"og:image:height\" content=\"630\" \/>\n\t<meta property=\"og:image:type\" content=\"image\/png\" \/>\n<meta name=\"twitter:card\" content=\"summary_large_image\" \/>\n<meta name=\"twitter:site\" content=\"@blocknitive\" \/>\n<meta name=\"twitter:label1\" content=\"Dur\u00e9e de lecture estim\u00e9e\" \/>\n\t<meta name=\"twitter:data1\" content=\"3 minutes\" \/>\n<script type=\"application\/ld+json\" class=\"yoast-schema-graph\">{\"@context\":\"https:\/\/schema.org\",\"@graph\":[{\"@type\":\"WebPage\",\"@id\":\"https:\/\/blocknitive.com\/politica-de-gestion-de-la-seguridad\/\",\"url\":\"https:\/\/blocknitive.com\/politica-de-gestion-de-la-seguridad\/\",\"name\":\"Pol\u00edtica de Gesti\u00f3n de la Seguridad de la Informaci\u00f3n - Blocknitive\",\"isPartOf\":{\"@id\":\"https:\/\/blocknitive.com\/#website\"},\"datePublished\":\"2023-04-17T09:39:33+00:00\",\"dateModified\":\"2023-04-17T09:42:19+00:00\",\"breadcrumb\":{\"@id\":\"https:\/\/blocknitive.com\/politica-de-gestion-de-la-seguridad\/#breadcrumb\"},\"inLanguage\":\"fr-FR\",\"potentialAction\":[{\"@type\":\"ReadAction\",\"target\":[\"https:\/\/blocknitive.com\/politica-de-gestion-de-la-seguridad\/\"]}]},{\"@type\":\"BreadcrumbList\",\"@id\":\"https:\/\/blocknitive.com\/politica-de-gestion-de-la-seguridad\/#breadcrumb\",\"itemListElement\":[{\"@type\":\"ListItem\",\"position\":1,\"name\":\"Portada\",\"item\":\"https:\/\/blocknitive.com\/\"},{\"@type\":\"ListItem\",\"position\":2,\"name\":\"Pol\u00edtica de Gesti\u00f3n de la Seguridad de la Informaci\u00f3n\"}]},{\"@type\":\"WebSite\",\"@id\":\"https:\/\/blocknitive.com\/#website\",\"url\":\"https:\/\/blocknitive.com\/\",\"name\":\"Blocknitive\",\"description\":\"Soluciones blockchain que simplifican procesos complejos\",\"publisher\":{\"@id\":\"https:\/\/blocknitive.com\/#organization\"},\"potentialAction\":[{\"@type\":\"SearchAction\",\"target\":{\"@type\":\"EntryPoint\",\"urlTemplate\":\"https:\/\/blocknitive.com\/?s={search_term_string}\"},\"query-input\":{\"@type\":\"PropertyValueSpecification\",\"valueRequired\":true,\"valueName\":\"search_term_string\"}}],\"inLanguage\":\"fr-FR\"},{\"@type\":\"Organization\",\"@id\":\"https:\/\/blocknitive.com\/#organization\",\"name\":\"Blocknitive - Soluciones Blockchain que simplifican Procesos Complejos.\",\"url\":\"https:\/\/blocknitive.com\/\",\"logo\":{\"@type\":\"ImageObject\",\"inLanguage\":\"fr-FR\",\"@id\":\"https:\/\/blocknitive.com\/#\/schema\/logo\/image\/\",\"url\":\"https:\/\/blocknitive.com\/wp-content\/uploads\/2020\/05\/opengr.png\",\"contentUrl\":\"https:\/\/blocknitive.com\/wp-content\/uploads\/2020\/05\/opengr.png\",\"width\":1200,\"height\":630,\"caption\":\"Blocknitive - Soluciones Blockchain que simplifican Procesos Complejos.\"},\"image\":{\"@id\":\"https:\/\/blocknitive.com\/#\/schema\/logo\/image\/\"},\"sameAs\":[\"https:\/\/x.com\/blocknitive\",\"https:\/\/www.linkedin.com\/company\/blocknitive\/\",\"https:\/\/www.youtube.com\/channel\/UCQ-nb1ek-hLFNJ_N6Z6bRzg\"]}]}<\/script>\n<!-- \/ Yoast SEO plugin. -->","yoast_head_json":{"title":"Pol\u00edtica de Gesti\u00f3n de la Seguridad de la Informaci\u00f3n - Blocknitive","robots":{"index":"index","follow":"follow","max-snippet":"max-snippet:-1","max-image-preview":"max-image-preview:large","max-video-preview":"max-video-preview:-1"},"canonical":"https:\/\/blocknitive.com\/fr\/politica-de-gestion-de-la-seguridad\/","og_locale":"fr_FR","og_type":"article","og_title":"Pol\u00edtica de Gesti\u00f3n de la Seguridad de la Informaci\u00f3n - Blocknitive","og_description":"BLOCKNITIVE es una compa\u00f1\u00eda espa\u00f1ola experta en tecnolog\u00edas de la informaci\u00f3n, dedicada al \u201cdise\u00f1o y &nbsp;desarrollo de aplicaciones inform\u00e1ticas a terceros\u201d, ofreciendo soluciones creativas para problemas de negocio y conocimientos para ayudar a los clientes a mantenerse actualizadas con las \u00faltimas innovaciones en tecnolog\u00eda de la informaci\u00f3n y de comunicaciones, as\u00ed como aplicar estas tecnolog\u00edas [&hellip;]","og_url":"https:\/\/blocknitive.com\/fr\/politica-de-gestion-de-la-seguridad\/","og_site_name":"Blocknitive","article_modified_time":"2023-04-17T09:42:19+00:00","og_image":[{"width":1200,"height":630,"url":"https:\/\/blocknitive.com\/wp-content\/uploads\/2020\/05\/opengr.png","type":"image\/png"}],"twitter_card":"summary_large_image","twitter_site":"@blocknitive","twitter_misc":{"Dur\u00e9e de lecture estim\u00e9e":"3 minutes"},"schema":{"@context":"https:\/\/schema.org","@graph":[{"@type":"WebPage","@id":"https:\/\/blocknitive.com\/politica-de-gestion-de-la-seguridad\/","url":"https:\/\/blocknitive.com\/politica-de-gestion-de-la-seguridad\/","name":"Pol\u00edtica de Gesti\u00f3n de la Seguridad de la Informaci\u00f3n - Blocknitive","isPartOf":{"@id":"https:\/\/blocknitive.com\/#website"},"datePublished":"2023-04-17T09:39:33+00:00","dateModified":"2023-04-17T09:42:19+00:00","breadcrumb":{"@id":"https:\/\/blocknitive.com\/politica-de-gestion-de-la-seguridad\/#breadcrumb"},"inLanguage":"fr-FR","potentialAction":[{"@type":"ReadAction","target":["https:\/\/blocknitive.com\/politica-de-gestion-de-la-seguridad\/"]}]},{"@type":"BreadcrumbList","@id":"https:\/\/blocknitive.com\/politica-de-gestion-de-la-seguridad\/#breadcrumb","itemListElement":[{"@type":"ListItem","position":1,"name":"Portada","item":"https:\/\/blocknitive.com\/"},{"@type":"ListItem","position":2,"name":"Pol\u00edtica de Gesti\u00f3n de la Seguridad de la Informaci\u00f3n"}]},{"@type":"WebSite","@id":"https:\/\/blocknitive.com\/#website","url":"https:\/\/blocknitive.com\/","name":"Blocknitive","description":"Soluciones blockchain que simplifican procesos complejos","publisher":{"@id":"https:\/\/blocknitive.com\/#organization"},"potentialAction":[{"@type":"SearchAction","target":{"@type":"EntryPoint","urlTemplate":"https:\/\/blocknitive.com\/?s={search_term_string}"},"query-input":{"@type":"PropertyValueSpecification","valueRequired":true,"valueName":"search_term_string"}}],"inLanguage":"fr-FR"},{"@type":"Organization","@id":"https:\/\/blocknitive.com\/#organization","name":"Blocknitive - Soluciones Blockchain que simplifican Procesos Complejos.","url":"https:\/\/blocknitive.com\/","logo":{"@type":"ImageObject","inLanguage":"fr-FR","@id":"https:\/\/blocknitive.com\/#\/schema\/logo\/image\/","url":"https:\/\/blocknitive.com\/wp-content\/uploads\/2020\/05\/opengr.png","contentUrl":"https:\/\/blocknitive.com\/wp-content\/uploads\/2020\/05\/opengr.png","width":1200,"height":630,"caption":"Blocknitive - Soluciones Blockchain que simplifican Procesos Complejos."},"image":{"@id":"https:\/\/blocknitive.com\/#\/schema\/logo\/image\/"},"sameAs":["https:\/\/x.com\/blocknitive","https:\/\/www.linkedin.com\/company\/blocknitive\/","https:\/\/www.youtube.com\/channel\/UCQ-nb1ek-hLFNJ_N6Z6bRzg"]}]}},"_links":{"self":[{"href":"https:\/\/blocknitive.com\/fr\/wp-json\/wp\/v2\/pages\/3413","targetHints":{"allow":["GET"]}}],"collection":[{"href":"https:\/\/blocknitive.com\/fr\/wp-json\/wp\/v2\/pages"}],"about":[{"href":"https:\/\/blocknitive.com\/fr\/wp-json\/wp\/v2\/types\/page"}],"author":[{"embeddable":true,"href":"https:\/\/blocknitive.com\/fr\/wp-json\/wp\/v2\/users\/5"}],"replies":[{"embeddable":true,"href":"https:\/\/blocknitive.com\/fr\/wp-json\/wp\/v2\/comments?post=3413"}],"version-history":[{"count":13,"href":"https:\/\/blocknitive.com\/fr\/wp-json\/wp\/v2\/pages\/3413\/revisions"}],"predecessor-version":[{"id":3427,"href":"https:\/\/blocknitive.com\/fr\/wp-json\/wp\/v2\/pages\/3413\/revisions\/3427"}],"wp:attachment":[{"href":"https:\/\/blocknitive.com\/fr\/wp-json\/wp\/v2\/media?parent=3413"}],"curies":[{"name":"wp","href":"https:\/\/api.w.org\/{rel}","templated":true}]}}